{"id":59,"date":"2014-09-23T03:04:37","date_gmt":"2014-09-23T01:04:37","guid":{"rendered":"http:\/\/www.wiko-metallbautechnik.de\/wordpress\/?page_id=59"},"modified":"2020-07-15T08:51:53","modified_gmt":"2020-07-15T06:51:53","slug":"impressum","status":"publish","type":"page","link":"https:\/\/www.wiko-metallbautechnik.de\/wordpress\/unternehmen\/impressum\/","title":{"rendered":"IMPRESSUM &#038; DATENSCHUTZERKL\u00c4RUNG"},"content":{"rendered":"<div style=\"width: 45%; height: 550px; float: left; margin: 0px 0px 5px 0px; border: 4px #ffffff solid; padding: 15px; background: #f7f7f7; line-height: 1.5em; color: #606060;\">\n<p style=\"font-size: 95%; color: #55ab00; border-bottom: 1px solid #aaa; padding: 0px 0px 5px 0px; font-weight: 400;\">wiko-Metallbautechnik GmbH &amp; Co. KG<\/p>\n<div style=\"padding: 5px 0px 5px 3px; font-size: 9pt;\">\n<div>Carl-Vogeler-Stra\u00dfe 6<\/div>\n<div style=\"margin: 0px 0px 10px 0px;\">32312 L\u00fcbbecke<\/div>\n<div>Tel: +49(0)5741 \/ 9009 &#8211; 0<\/div>\n<div style=\"margin: 0px 0px 10px 0px;\">Fax: +49(0)5741 \/ 9009 &#8211; 50<\/div>\n<div><a href=\"mailto:info@wiko-metallbautechnik.de\"><span style=\"color: #606060 !important;\">info@wiko-metallbautechnik.de<\/span><\/a><\/div>\n<div style=\"margin: 0px 0px 10px 0px;\"><a style=\"float: none; width: auto;\" href=\"https:\/\/www.wiko-metallbautechnik.de\" target=\"_blank\" rel=\"noopener noreferrer\"><span style=\"color: #606060 !important;\">www.wiko-metallbautechnik.de<\/span><\/a><\/div>\n<div>Steuer-Nr.: 331\/5735\/1520<\/div>\n<div>USt-IdNr.: DE 215 459 174<\/div>\n<div style=\"margin: 0px 0px 15px 0px; border-bottom: 1px solid #aaa; padding: 0px 0px 5px 0px;\">Amtsgericht: Bad Oeynhausen \/ HRA 5426 \/ Sitz: L\u00fcbbecke<\/div>\n<div style=\"font-weight: bold; font-style: italic;\">pers\u00f6nlich haftende Gesellschaft:<\/div>\n<div style=\"font-weight: bold; margin: 8px 0px 0px 0px;\">wiko-Metallbautechnik Verwaltungs GmbH<\/div>\n<div style=\"margin: 0px 0px 10px 0px;\">Amtsgericht: Bad Oeynhausen \/ HRA 7987 \/ Sitz: L\u00fcbbecke<\/div>\n<div style=\"font-weight: bold;\">Gesch\u00e4ftsf\u00fchrer:<\/div>\n<div>Heinz Meyer<\/div>\n<\/div>\n<\/div>\n<div style=\"width: 45%; height: 550px; float: right; margin: 0px 0px 5px 0px; border: 4px #ffffff solid; padding: 15px; background: #f7f7f7; line-height: 1.5em; color: #606060;\">\n<p style=\"font-size: 95%; color: #55ab00; border-bottom: 1px solid #aaa; padding: 0px 0px 5px 0px; font-weight: 400;\">wiko-Service GmbH<\/p>\n<div style=\"padding: 5px 0px 5px 3px; font-size: 9pt;\">\n<div>Carl-Vogeler-Stra\u00dfe 6<\/div>\n<div style=\"margin: 0px 0px 10px 0px;\">32312 L\u00fcbbecke<\/div>\n<div>Tel: +49(0)5741 \/ 3012-77<\/div>\n<div style=\"margin: 0px 0px 10px 0px;\">Fax: +49(0)5741 \/ 3012-78<\/div>\n<div><a href=\"mailto:info@wiko-service.de\"><span style=\"color: #606060 !important;\">info@wiko-service.de<\/span><\/a><\/div>\n<div style=\"margin: 0px 0px 10px 0px;\"><a style=\"float: none; width: auto;\" href=\"https:\/\/www.wiko-metallbautechnik.de\/wiko-service-gmbh\/\" target=\"_blank\" rel=\"noopener noreferrer\"><span style=\"color: #606060 !important;\">www.wiko-metallbautechnik.de\/wiko-service-gmbh\/<\/span><\/a><\/div>\n<div>Steuer-Nr.: 331\/5735\/0674<\/div>\n<div>USt-IdNr.: DE 210 964 533<\/div>\n<div style=\"margin: 0px 0px 15px 0px; border-bottom: 1px solid #aaa; padding: 0px 0px 5px 0px;\">Amtsgericht: Bad Oeynhausen \/ HRA 7738 \/ Sitz: L\u00fcbbecke<\/div>\n<div style=\"font-weight: bold;\">Gesch\u00e4ftsf\u00fchrer:<\/div>\n<div>Heinz Meyer<\/div>\n<\/div>\n<\/div>\n<div style=\"clear: both;\">&nbsp;<\/div>\n<div style=\"width: 96%; margin: 20px 0px 5px 0px; border: 4px #ffffff solid; padding: 15px; background: #f7f7f7; line-height: 1.5em; color: #606060; text-align: justify;\">\n<h3 style=\"font-size: 12pt; color: #55ab00; border-bottom: 1px solid #aaa; padding: 0px 0px 5px 0px; font-weight: 400;\">Disclaimer \u2013 rechtliche Hinweis<\/h3>\n<div style=\"padding: 5px 0px 5px 3px; font-size: 85%;\">\n<h3>&nbsp;<\/h3>\n<h4>1. Haftungsbeschr\u00e4nkung<\/h4>\n<p>Die Inhalte dieser Website werden mit gr\u00f6\u00dftm\u00f6glicher Sorgfalt erstellt. Der Anbieter \u00fcbernimmt jedoch keine Gew\u00e4hr f\u00fcr die Richtigkeit, Vollst\u00e4ndigkeit und Aktualit\u00e4t der bereitgestellten Inhalte. Die Nutzung der Inhalte der Website erfolgt auf eigene Gefahr des Nutzers. Namentlich gekennzeichnete Beitr\u00e4ge geben die Meinung des jeweiligen Autors und nicht immer die Meinung des Anbieters wieder. Mit der reinen Nutzung der Website des Anbieters kommt keinerlei Vertragsverh\u00e4ltnis zwischen dem Nutzer und dem Anbieter zustande.<\/p>\n<h4>2. Externe Links<\/h4>\n<p>Diese Website enth\u00e4lt Verkn\u00fcpfungen zu Websites Dritter (&#8222;externe Links&#8220;). Diese Websites unterliegen der Haftung der jeweiligen Betreiber. Der Anbieter hat bei der erstmaligen Verkn\u00fcpfung der externen Links die fremden Inhalte daraufhin \u00fcberpr\u00fcft, ob etwaige Rechtsverst\u00f6\u00dfe bestehen. Zu dem Zeitpunkt waren keine Rechtsverst\u00f6\u00dfe ersichtlich. Der Anbieter hat keinerlei Einfluss auf die aktuelle und zuk\u00fcnftige Gestaltung und auf die Inhalte der verkn\u00fcpften Seiten. Das Setzen von externen Links bedeutet nicht, dass sich der Anbieter die hinter dem Verweis oder Link liegenden Inhalte zu Eigen macht. Eine st\u00e4ndige Kontrolle der externen Links ist f\u00fcr den Anbieter ohne konkrete Hinweise auf Rechtsverst\u00f6\u00dfe nicht zumutbar. Bei Kenntnis von Rechtsverst\u00f6\u00dfen werden jedoch derartige externe Links unverz\u00fcglich gel\u00f6scht.<\/p>\n<h4>3. Urheber- und Leistungsschutzrechte<\/h4>\n<p>Die auf dieser Website ver\u00f6ffentlichten Inhalte unterliegen dem deutschen Urheber- und Leistungsschutzrecht. Jede vom deutschen Urheber- und Leistungsschutzrecht nicht zugelassene Verwertung bedarf der vorherigen schriftlichen Zustimmung des Anbieters oder jeweiligen Rechteinhabers. Dies gilt insbesondere f\u00fcr Vervielf\u00e4ltigung, Bearbeitung, \u00dcbersetzung, Einspeicherung, Verarbeitung bzw. Wiedergabe von Inhalten in Datenbanken oder anderen elektronischen Medien und Systemen. Inhalte und Rechte Dritter sind dabei als solche gekennzeichnet. Die unerlaubte Vervielf\u00e4ltigung oder Weitergabe einzelner Inhalte oder kompletter Seiten ist nicht gestattet und strafbar. Lediglich die Herstellung von Kopien und Downloads f\u00fcr den pers\u00f6nlichen, privaten und nicht kommerziellen Gebrauch ist erlaubt.<\/p>\n<p>Die Darstellung dieser Website in fremden Frames ist nur mit schriftlicher Erlaubnis zul\u00e4ssig.<\/p>\n<h4>4. Datenschutzerkl\u00e4rung<\/h4>\n<p>**** Erg\u00e4nzung nach Datenschutzgrundverordung (DSGVO) 2018 ***<\/p>\n<h6>Anbieter und verantwortliche Stelle im Sinne des Datenschutzgesetzes<\/h6>\n<p>wiko-Metallbautechnik GmbH &amp; Co. KG \/ WIKO-Service GmbH<br \/>\nDaniel Groh (interner Datenschutzbeauftragter)<br \/>\nMarcel Mensendiek (stellvertretender Datenschutzbeauftragter)<br \/>\nCarl-Vogeler-Stra\u00dfe 6<br \/>\n32312 L\u00fcbbecke<\/p>\n<h6>Geltungsbereich<\/h6>\n<p>Nutzer erhalten mit dieser Datenschutzerkl\u00e4rung Information \u00fcber die Art, den Umfang und Zweck der Erhebung und Verwendung ihrer Daten durch den verantwortlichen Anbieter erhoben und verwendet werden.<\/p>\n<p>Den rechtlichen Rahmen f\u00fcr den Datenschutz bilden das Bundesdatenschutzgesetz (BDSG) und das Telemediengesetz (TMG).<\/p>\n<h6>Erfassung allgemeiner Informationen<\/h6>\n<p>Mit jedem Zugriff auf dieses Angebot werden durch uns bzw. den Webspace-Provider automatisch Informationen erfasst. Diese Informationen, auch als Server-Logfiles bezeichnet, sind allgemeiner Natur und erlauben keine R\u00fcckschl\u00fcsse auf Ihre Person.<\/p>\n<p>Erfasst werden unter anderem: Name der Webseite, Datei, Datum, Datenmenge, Webbrowser und Webbrowser-Version, Betriebssystem, der Domainname Ihres Internet-Providers, die sogenannte Referrer-URL (jene Seite, von der aus Sie auf unser Angebot zugegriffen haben) und die IP-Adresse.<\/p>\n<p>Ohne diese Daten w\u00e4re es technisch teils nicht m\u00f6glich, die Inhalte der Webseite auszuliefern und darzustellen. Insofern ist die Erfassung der Daten zwingend notwendig. Dar\u00fcber hinaus verwenden wir die anonymen Informationen f\u00fcr statistische Zwecke. Sie helfen uns bei der Optimierung des Angebots und der Technik. Wir behalten uns zudem das Recht vor, die Log-Files bei Verdacht auf eine rechtswidrige Nutzung unseres Angebotes nachtr\u00e4glich zu kontrollieren.<\/p>\n<h6>Umgang mit personenbezogenen Daten<\/h6>\n<p>Definition: Als personenbezogene Daten gelten alle Informationen, anhand derer eine Person eindeutig identifizierbar ist. Es handelt sich somit um Daten, die zu einer Person zur\u00fcckverfolgt werden k\u00f6nnen.<\/p>\n<p>Zu diesen personenbezogenen Daten z\u00e4hlen der Vorname und der Name, die Telefonnummer sowie die E-Mail-Adresse. Ebenso als personenbezogene Daten gelten Informationen zu Hobbies, Mitgliedschaften und Vorlieben sowie Internetseiten, die aufgerufen wurden.<\/p>\n<p>Diese Daten werden vom Anbieter nur erhoben, genutzt und gegebenenfalls weitergegeben, sofern der Gesetzgeber dies ausdr\u00fccklich erlaubt oder aber der Nutzer in die Erhebung, Bearbeitung, Nutzung und Weitergabe der Daten einwilligt.<\/p>\n<h6>Registrierung auf unserer Webseite<\/h6>\n<p>Registrieren Sie sich auf unserer Webseite, um personalisierte Leistungen in Anspruch zu nehmen, werden personenbezogene Daten erhoben. Dazu z\u00e4hlen der Name, die Anschrift sowie die Telefonnummer und die E-Mail-Adresse als Kontakt- und Kommunikationsdaten.<\/p>\n<p>Die Anmeldung erm\u00f6glicht den Zugriff auf Leistungen und Inhalte, die nur registrierten Nutzern zur Verf\u00fcgung stehen. Bei Bedarf haben angemeldete Nutzer die M\u00f6glichkeit, die im Rahmen der Registrierung genannten Daten jederzeit zu \u00e4ndern oder zu l\u00f6schen. Auf Wunsch teilen wir Ihnen selbstverst\u00e4ndlich mit, welche personenbezogenen Daten erhoben und gespeichert wurden. Dar\u00fcber hinaus berichtigen oder l\u00f6schen wir die Daten auf Anfrage, vorausgesetzt dem Anliegen stehen keine gesetzlichen Aufbewahrungspflichten entgegen. F\u00fcr R\u00fcckfragen sowie ihre Bitte um Korrektur oder L\u00f6schung der Daten nutzen Sie bitte die in dieser Datenschutzerkl\u00e4rung genannten Kontaktdaten.<\/p>\n<h6>Newsletter<\/h6>\n<p>Melden Sie sich f\u00fcr unseren Newsletter an, verwenden wir die von Ihnen eingegebenen Daten ausschlie\u00dflich f\u00fcr diesen Zweck oder um sie \u00fcber die f\u00fcr diesen Dienst oder die Registrierung relevanten Umst\u00e4nde zu informieren. Diese Daten geben wir nicht an Dritte weiter.<\/p>\n<p>F\u00fcr den Empfang des Newsletters bedarf es einer validen (g\u00fcltigen) E-Mail-Adresse. Gespeichert werden zudem die IP-Adresse, \u00fcber die Sie sich f\u00fcr den Newsletter anmelden und das Datum, an dem Sie den Newsletter bestellen. Diese Daten dienen uns als Nachweis bei Missbrauch, falls eine fremde E-Mail-Adresse f\u00fcr den Newsletter angemeldet wird. Um dar\u00fcber hinaus sicherzustellen, dass eine E-Mail-Adresse nicht missbr\u00e4uchlich durch Dritte in unseren Verteiler eingetragen wird, arbeiten wir gesetzeskonform mit dem sogenannten \u201eDouble-Opt-In\u201c-Verfahren. Im Rahmen dieses Verfahren werden die Bestellung des Newsletters, der Versand der Best\u00e4tigungsmail und der Erhalt der Anmeldebest\u00e4tigung protokolliert.<\/p>\n<p>Sie haben jederzeit die M\u00f6glichkeit, Ihre Einwilligung zur Speicherung der Daten, Ihrer E-Mail-Adresse und deren Nutzung f\u00fcr den Newsletter-Versand zu widerrufen. F\u00fcr den Widerruf stellen wir Ihnen in jedem Newsletter und auf der Webseite einen Link zur Verf\u00fcgung. Sie haben au\u00dferdem die M\u00f6glichkeit, uns Ihren Widerrufswunsch \u00fcber die in diesem Dokument genannten Kontaktm\u00f6glichkeiten mitzuteilen.<\/p>\n<h6>Kontaktformular<\/h6>\n<p>Wenn Sie uns \u00fcber das SSL-gesicherte Onlineformular oder per E-Mail kontaktieren, speichern wir die von Ihnen gemachten Angaben, um Ihre Anfrage beantworten und m\u00f6gliche Anschlussfragen stellen zu k\u00f6nnen. Ihre Daten werden nicht an Dritte weitergegeben. Um Ihre gespeicherten, personenbezogenen Daten abzufragen oder per Widerruf zu l\u00f6schen, kontaktieren Sie uns postalisch, telefonisch oder per Email (<a href=\"mailto:info@wiko-metallbautechnik.de\">info@wiko-metallbautechnik.de<\/a>).<\/p>\n<h6>Einbindung von Diensten und Inhalten Dritter<\/h6>\n<p>Unser Angebot umfasst mitunter Inhalte, Dienste und Leistungen anderer Anbieter. Das sind zum Beispiel Karten, die von Google-Maps zur Verf\u00fcgung gestellt werden, Videos von YouTube sowie Grafiken und Bilder anderer Webseiten. Damit diese Daten im Browser des Nutzers aufgerufen und dargestellt werden k\u00f6nnen, ist die \u00dcbermittlung der IP-Adresse zwingend notwendig. Die Anbieter (im Folgenden als \u201eDritt-Anbieter\u201c bezeichnet) nehmen also die IP-Adresse des jeweiligen Nutzers wahr.<\/p>\n<p>Auch wenn wir bem\u00fcht sind, ausschlie\u00dflich Dritt-Anbieter zu nutzen, welche die IP-Adresse nur ben\u00f6tigen, um Inhalte ausliefern zu k\u00f6nnen, haben wir keinen Einfluss darauf, ob die IP-Adresse m\u00f6glicherweise gespeichert wird. Dieser Vorgang dient in dem Fall unter anderem statistischen Zwecken. Sofern wir Kenntnis davon haben, dass die IP-Adresse gespeichert wird, weisen wir unsere Nutzer darauf hin.<\/p>\n<h6>Cookies<\/h6>\n<p>Diese Webseite verwendet sogenannte Cookies. Das sind Textdateien, die vom Server aus auf Ihrem Rechner gespeichert werden. Sie enthalten Informationen zum Browser, zur IP-Adresse, dem Betriebssystem und zur Internetverbindung. Diese Daten werden von uns nicht an Dritte weitergegeben oder ohne ihre Zustimmung mit personenbezogenen Daten verkn\u00fcpft.<\/p>\n<p>Cookies erf\u00fcllen vor allem zwei Aufgaben. Sie helfen uns, Ihnen die Navigation durch unser Angebot zu erleichtern, und erm\u00f6glichen die korrekte Darstellung der Webseite. Sie werden nicht dazu genutzt, Viren einzuschleusen oder Programme zu starten.<\/p>\n<p>Nutzer haben die M\u00f6glichkeit, unser Angebot auch ohne Cookies aufzurufen. Dazu m\u00fcssen im Browser die entsprechenden Einstellungen ge\u00e4ndert werden. Informieren Sie sich bitte \u00fcber die Hilfsfunktion Ihres Browsers, wie Cookies deaktiviert werden. Wir weisen allerdings darauf hin, dass dadurch einige Funktionen dieser Webseite m\u00f6glicherweise beeintr\u00e4chtigt werden und der Nutzungskomfort eingeschr\u00e4nkt wird. Die Seiten http:\/\/www.aboutads.info\/choices\/ (USA) und http:\/\/www.youronlinechoices.com\/uk\/your-ad-choices\/ (Europa) erlauben es Ihnen, Online-Anzeigen-Cookies zu verwalten.<\/p>\n<h6>Verwendung von Google Analytics<\/h6>\n<p>Diese Webseite benutzt Google Analytics, einen Webanalysedienst der Google Inc. (\u201cGoogle\u201d). Google Analytics verwendet sog. \u201cCookies\u201d, Textdateien, die auf Ihrem Computer gespeichert werden und die eine Analyse der Benutzung der Webseite durch Sie erm\u00f6glichen. Die durch den Cookie erzeugten Informationen \u00fcber Ihre Benutzung dieser Webseite werden in der Regel an einen Server von Google in den USA \u00fcbertragen und dort gespeichert. Aufgrund der Aktivierung der IP-Anonymisierung auf diesen Webseiten, wird Ihre IP-Adresse von Google jedoch innerhalb von Mitgliedstaaten der Europ\u00e4ischen Union oder in anderen Vertragsstaaten des Abkommens \u00fcber den Europ\u00e4ischen Wirtschaftsraum zuvor gek\u00fcrzt. Nur in Ausnahmef\u00e4llen wird die volle IP-Adresse an einen Server von Google in den USA \u00fcbertragen und dort gek\u00fcrzt.<\/p>\n<p>Im Auftrag des Betreibers dieser Webseite wird Google diese Informationen benutzen, um Ihre Nutzung der Webseite auszuwerten, um Reports \u00fcber die Webseitenaktivit\u00e4ten zusammenzustellen und um weitere mit der Webseitennutzung und der Internetnutzung verbundene Dienstleistungen gegen\u00fcber dem Webseitenbetreiber zu erbringen. Die im Rahmen von Google Analytics von Ihrem Browser \u00fcbermittelte IP-Adresse wird nicht mit anderen Daten von Google zusammengef\u00fchrt. Sie k\u00f6nnen die Speicherung der Cookies durch eine entsprechende Einstellung Ihrer Browser-Software verhindern. Wir weisen Sie jedoch darauf hin, dass Sie in diesem Fall gegebenenfalls nicht s\u00e4mtliche Funktionen dieser Webseite vollumf\u00e4nglich werden nutzen k\u00f6nnen.<\/p>\n<p>Sie k\u00f6nnen dar\u00fcber hinaus die Erfassung der durch das Cookie erzeugten und auf Ihre Nutzung der Webseite bezogenen Daten (inkl. Ihrer IP-Adresse) an Google sowie die Verarbeitung dieser Daten durch Google verhindern, indem sie das unter dem folgenden Link verf\u00fcgbare Browser-Plugin herunterladen und installieren: Browser Add On zur Deaktivierung von Google Analytics.<\/p>\n<p>N\u00e4here Informationen zu Nutzungsbedingungen und Datenschutz finden Sie unter http:\/\/www.google.com\/analytics\/terms\/de.html bzw. unter https:\/\/www.google.de\/intl\/de\/policies\/.<\/p>\n<h6>Datensparsamkeit<\/h6>\n<p>Personenbezogene Daten speichern wir gem\u00e4\u00df den Grunds\u00e4tzen der Datenvermeidung und Datensparsamkeit nur so lange, wie es erforderlich ist oder vom Gesetzgeber her vorgeschrieben wird (gesetzliche Speicherfrist). Entf\u00e4llt der Zweck der erhobenen Informationen oder endet die Speicherfrist, sperren oder l\u00f6schen wir die Daten.<\/p>\n<h6>Ihre Rechte auf Auskunft, Berichtigung, Sperre, L\u00f6schung und Widerspruch<\/h6>\n<p>Sie haben das Recht, auf Antrag unentgeltlich eine Auskunft, \u00fcber die bei uns gespeicherten personenbezogenen Daten, anzufordern und\/oder eine Berichtigung, Sperrung oder L\u00f6schung zu verlangen. Ausnahmen: Es handelt sich um die vorgeschriebene Datenspeicherung zur Gesch\u00e4ftsabwicklung oder die Daten unterliegen der gesetzlichen Aufbewahrungspflicht.<\/p>\n<p>F\u00fcr diese Zwecke kontaktieren Sie bitte unseren Datenschutzbeauftragen (Kontaktdaten: am Ende der Datenschutzerkl\u00e4rung).<\/p>\n<p>Um eine Datensperre jederzeit ber\u00fccksichtigen zu k\u00f6nnen, ist es erforderlich, die Daten f\u00fcr Kontrollzwecke in einer Sperrdatei vorzuhalten. Besteht keine gesetzliche Archivierungspflicht, k\u00f6nnen Sie auch die L\u00f6schung der Daten verlangen. Anderenfalls sperren wir die Daten, sofern Sie dies w\u00fcnschen.<\/p>\n<h6>\u00c4nderung unserer Datenschutzerkl\u00e4rung<\/h6>\n<p>Um zu gew\u00e4hrleisten, dass unsere Datenschutzerkl\u00e4rung stets den aktuellen gesetzlichen Vorgaben entspricht, behalten wir uns jederzeit \u00c4nderungen vor. Das gilt auch f\u00fcr den Fall, dass die Datenschutzerkl\u00e4rung aufgrund neuer oder \u00fcberarbeiteter Leistungen, zum Beispiel neuer Serviceleistungen, angepasst werden muss. Die neue Datenschutzerkl\u00e4rung greift dann bei Ihrem n\u00e4chsten Besuch auf unserem Angebot.<\/p>\n<p>***************************<\/p>\n<p>Durch den Besuch der Website des Anbieters k\u00f6nnen Informationen \u00fcber den Zugriff (Datum, Uhrzeit, betrachtete Seite) gespeichert werden. Diese Daten geh\u00f6ren nicht zu den personenbezogenen Daten, sondern sind anonymisiert. Sie werden ausschlie\u00dflich zu statistischen Zwecken ausgewertet. Eine Weitergabe an Dritte, zu kommerziellen oder nichtkommerziellen Zwecken, findet nicht statt.<\/p>\n<p>Der Anbieter weist ausdr\u00fccklich darauf hin, dass die Daten\u00fcbertragung im Internet (z.B. bei der Kommunikation per E-Mail) Sicherheitsl\u00fccken aufweisen und nicht l\u00fcckenlos vor dem Zugriff durch Dritte gesch\u00fctzt werden kann.<\/p>\n<p>Die Verwendung der Kontaktdaten des Impressums zur gewerblichen Werbung ist ausdr\u00fccklich nicht erw\u00fcnscht, es sei denn der Anbieter hatte zuvor seine schriftliche Einwilligung erteilt oder es besteht bereits eine Gesch\u00e4ftsbeziehung. Der Anbieter und alle auf dieser Website genannten Personen widersprechen hiermit jeder kommerziellen Verwendung und Weitergabe ihrer Daten.<\/p>\n<h6>Personenbezogene Daten<\/h6>\n<p>Sie k\u00f6nnen unsere Webseite ohne Angabe personenbezogener Daten besuchen. Soweit auf unseren Seiten personenbezogene Daten (wie Name, Anschrift oder E-Mail Adresse) erhoben werden, erfolgt dies, soweit m\u00f6glich, auf freiwilliger Basis. Diese Daten werden ohne Ihre ausdr\u00fcckliche Zustimmung nicht an Dritte weitergegeben. Sofern zwischen Ihnen und uns ein Vertragsverh\u00e4ltnis begr\u00fcndet, inhaltlich ausgestaltet oder ge\u00e4ndert werden soll oder Sie an uns eine Anfrage stellen, erheben und verwenden wir personenbezogene Daten von Ihnen, soweit dies zu diesen Zwecken erforderlich ist (Bestandsdaten). Wir erheben, verarbeiten und nutzen personenbezogene Daten soweit dies erforderlich ist, um Ihnen die Inanspruchnahme des Webangebots zu erm\u00f6glichen (Nutzungsdaten). S\u00e4mtliche personenbezogenen Daten werden nur solange gespeichert wie dies f\u00fcr den geannten Zweck (Bearbeitung Ihrer Anfrage oder Abwicklung eines Vertrags) erforderlich ist. Hierbei werden steuer- und handelsrechtliche Aufbewahrungsfristen ber\u00fccksichtigt. Auf Anordnung der zust\u00e4ndigen Stellen d\u00fcrfen wir im Einzelfall Auskunft \u00fcber diese Daten (Bestandsdaten) erteilen, soweit dies f\u00fcr Zwecke der Strafverfolgung, zur Gefahrenabwehr, zur Erf\u00fcllung der gesetzlichen Aufgaben der Verfassungsschutzbeh\u00f6rden oder des Milit\u00e4rischen Abschirmdienstes oder zur Durchsetzung der Rechte am geistigen Eigentum erforderlich ist.<\/p>\n<h6>Kommentarfunktionen<\/h6>\n<p>Im Rahmen der Kommentarfunktion erheben wir personenbezogene Daten (z.B. Name, E-Mail) im Rahmen Ihrer Kommentierung zu einem Beitrag nur in dem Umfang wie Sie ihn uns mitgeteilt haben. Bei der Ver\u00f6ffentlichung eines Kommentars wird die von Ihnen angegebene Email-Adresse gespeichert, aber nicht ver\u00f6ffentlicht. Ihr Name wird ver\u00f6ffentlicht, wenn Sie nicht unter Pseudonym geschrieben haben.<\/p>\n<h6>Auskunftsrecht<\/h6>\n<p>Sie haben das jederzeitige Recht, sich unentgeltlich und unverz\u00fcglich \u00fcber die zu Ihrer Person erhobenen Daten zu erkundigen. Sie haben das jederzeitige Recht, Ihre Zustimmung zur Verwendung Ihrer angegeben pers\u00f6nlichen Daten mit Wirkung f\u00fcr die Zukunft zu widerrufen. Zur Auskunftserteilung wenden Sie sich bitte an den Anbieter unter den Kontaktdaten im Impressum.<\/p>\n<h4>5. Besondere Nutzungsbedingungen<\/h4>\n<p>Soweit besondere Bedingungen f\u00fcr einzelne Nutzungen dieser Website von den vorgenannten Nummern 1. bis 4. abweichen, wird an entsprechender Stelle ausdr\u00fccklich darauf hingewiesen. In diesem Falle gelten im jeweiligen Einzelfall die besonderen Nutzungsbedingungen.<\/p>\n<div style=\"font-size: 8pt; float: right; margin: 15px 0px 3px 0px;\">Quelle: <a title=\"disclaimer\" href=\"http:\/\/www.juraforum.de\/disclaimer_muster\/\">Disclaimer<\/a> von Juraforum.de.<\/div>\n<\/div>\n<div style=\"clear: both;\">&nbsp;<\/div>\n<\/div>\n","protected":false},"excerpt":{"rendered":"<p>wiko-Metallbautechnik GmbH &amp; Co. KG Carl-Vogeler-Stra\u00dfe 6 32312 L\u00fcbbecke Tel: +49(0)5741 \/ 9009 &#8211; 0 Fax: +49(0)5741 \/ 9009 &#8211; 50 info@wiko-metallbautechnik.de www.wiko-metallbautechnik.de Steuer-Nr.: 331\/5735\/1520 USt-IdNr.: DE 215 459 174 Amtsgericht: Bad Oeynhausen \/ HRA 5426 \/ Sitz: L\u00fcbbecke pers\u00f6nlich haftende Gesellschaft: wiko-Metallbautechnik Verwaltungs GmbH Amtsgericht: Bad Oeynhausen \/ HRA 7987 \/ Sitz: L\u00fcbbecke Gesch\u00e4ftsf\u00fchrer: <span class=\"ellipsis\">&hellip;<\/span> <span class=\"more-link-wrap\"><a href=\"https:\/\/www.wiko-metallbautechnik.de\/wordpress\/unternehmen\/impressum\/\" class=\"more-link\"><span>Read More &rarr;<\/span><\/a><\/span><\/p>\n","protected":false},"author":1,"featured_media":0,"parent":49,"menu_order":11,"comment_status":"closed","ping_status":"closed","template":"template-full-width.php","meta":{"ngg_post_thumbnail":0},"_links":{"self":[{"href":"https:\/\/www.wiko-metallbautechnik.de\/wordpress\/wp-json\/wp\/v2\/pages\/59"}],"collection":[{"href":"https:\/\/www.wiko-metallbautechnik.de\/wordpress\/wp-json\/wp\/v2\/pages"}],"about":[{"href":"https:\/\/www.wiko-metallbautechnik.de\/wordpress\/wp-json\/wp\/v2\/types\/page"}],"author":[{"embeddable":true,"href":"https:\/\/www.wiko-metallbautechnik.de\/wordpress\/wp-json\/wp\/v2\/users\/1"}],"replies":[{"embeddable":true,"href":"https:\/\/www.wiko-metallbautechnik.de\/wordpress\/wp-json\/wp\/v2\/comments?post=59"}],"version-history":[{"count":122,"href":"https:\/\/www.wiko-metallbautechnik.de\/wordpress\/wp-json\/wp\/v2\/pages\/59\/revisions"}],"predecessor-version":[{"id":2022,"href":"https:\/\/www.wiko-metallbautechnik.de\/wordpress\/wp-json\/wp\/v2\/pages\/59\/revisions\/2022"}],"up":[{"embeddable":true,"href":"https:\/\/www.wiko-metallbautechnik.de\/wordpress\/wp-json\/wp\/v2\/pages\/49"}],"wp:attachment":[{"href":"https:\/\/www.wiko-metallbautechnik.de\/wordpress\/wp-json\/wp\/v2\/media?parent=59"}],"curies":[{"name":"wp","href":"https:\/\/api.w.org\/{rel}","templated":true}]}}