{"id":54,"date":"2014-09-23T03:04:03","date_gmt":"2014-09-23T01:04:03","guid":{"rendered":"http:\/\/www.wiko-metallbautechnik.de\/wordpress\/?page_id=54"},"modified":"2017-11-04T00:10:12","modified_gmt":"2017-11-03T22:10:12","slug":"partner","status":"publish","type":"page","link":"https:\/\/www.wiko-metallbautechnik.de\/wordpress\/partner\/","title":{"rendered":"PARTNER"},"content":{"rendered":"<table style=\"border-color: #ffffff; background-color: #ffffff; width: 500px; height: 100px;\" border=\"0 px\">\n<tbody>\n<tr>\n<td style=\"width: 330px; border-color: #ffffff; background-color: #ffffff; text-align: center; vertical-align: middle;\"><span style=\"font-size: 8pt;\"><a href=\"http:\/\/www.schueco.de\" target=\"_blank\" rel=\"http:\/\/www.schueco.de noopener\"><img decoding=\"async\" loading=\"lazy\" class=\"alignnone wp-image-320 \" src=\"https:\/\/www.wiko-metallbautechnik.de\/wordpress\/wp-content\/uploads\/2014\/09\/schueco_logo.jpg\" alt=\"sch\u00fcco - wiko partner\" width=\"257\" height=\"50\"><\/a><\/span><\/td>\n<td style=\"width: 170px; border-color: #ffffff; background-color: #ffffff;\"><span style=\"font-size: 8pt;\">Link: <a title=\"www.schueco.com\/web\/de\" href=\"http:\/\/www.schueco.com\/web\/de\" target=\"_blank\" rel=\"noopener\">www.schueco.de<\/a><\/span><br \/>\n<span style=\"font-size: 8pt;\">Aluminiumsysteme f\u00fcr Fenster, T\u00fcren und Fassaden<\/span><\/td>\n<\/tr>\n<\/tbody>\n<\/table>\n<hr>\n<table style=\"border-color: #ffffff; background-color: #ffffff; width: 500px; height: 100px;\" border=\"0 px\">\n<tbody>\n<tr>\n<td style=\"width: 330px; border-color: #ffffff; background-color: #ffffff; text-align: center;\"><span style=\"font-size: 8pt;\"><a href=\"http:\/\/www.dorma.com\/de\/de\/\" target=\"_blank\" rel=\"http:\/\/www.dorma.com\/de\/de\/ noopener\"><img decoding=\"async\" loading=\"lazy\" class=\"alignnone wp-image-324 size-full\" src=\"https:\/\/www.wiko-metallbautechnik.de\/wordpress\/wp-content\/uploads\/2014\/09\/dorma_logo-e1411976988373.jpg\" alt=\"dorma - wiko partner\" width=\"145\" height=\"80\"><\/a><\/span><\/td>\n<td style=\"width: 170px; border-color: #ffffff; background-color: #ffffff;\"><span style=\"font-size: 8pt;\">Link: <a title=\"www.dorma.de\" href=\"http:\/\/www.dorma.com\/de\/de\/\" target=\"_blank\" rel=\"noopener\">www.dorma.de<\/a><\/span><br \/>\n<span style=\"font-size: 8pt;\"> Fenster\u00ad- &amp; T\u00fcr\u00adtechnik, Sicherheitssysteme<\/span><\/td>\n<\/tr>\n<\/tbody>\n<\/table>\n<hr>\n<table style=\"border-color: #ffffff; background-color: #ffffff; width: 500px; height: 100px;\" border=\"0 px\">\n<tbody>\n<tr>\n<td style=\"width: 330px; border-color: #ffffff; background-color: #ffffff; text-align: center;\"><span style=\"font-size: 8pt;\"><a href=\"http:\/\/www.geze.de\/\" target=\"_blank\" rel=\"http:\/\/www.geze.de\/ noopener\"><img decoding=\"async\" loading=\"lazy\" class=\"alignnone wp-image-327 size-full\" src=\"https:\/\/www.wiko-metallbautechnik.de\/wordpress\/wp-content\/uploads\/2014\/09\/geze_logo.jpg\" alt=\"geze - wiko partner\" width=\"200\" height=\"46\"><\/a><\/span><\/td>\n<td style=\"width: 170px; border-color: #ffffff; background-color: #ffffff;\"><span style=\"font-size: 8pt;\">Link: <a title=\"www.geze.de\/\" href=\"http:\/\/www.geze.de\/\" target=\"_blank\" rel=\"noopener\">www.geze.de<\/a><\/span><br \/>\n<span style=\"font-size: 8pt;\"> Fenster\u00ad- und T\u00fcr\u00adtechnik, Sicherheitssysteme<\/span><\/td>\n<\/tr>\n<\/tbody>\n<\/table>\n<hr>\n<table style=\"border-color: #ffffff; background-color: #ffffff; width: 500px; height: 100px;\" border=\"0 px\">\n<tbody>\n<tr>\n<td style=\"width: 330px; border-color: #ffffff; background-color: #ffffff; text-align: center;\"><span style=\"font-size: 8pt;\"><a href=\"http:\/\/www.g-u.com\/home.html\" target=\"_blank\" rel=\"http:\/\/www.g-u.com\/home.html noopener\"><img decoding=\"async\" loading=\"lazy\" class=\"alignnone wp-image-328 size-full\" src=\"https:\/\/www.wiko-metallbautechnik.de\/wordpress\/wp-content\/uploads\/2014\/09\/gu_bks_logo.jpg\" alt=\"gu bks - wiko partner\" width=\"208\" height=\"50\"><\/a><\/span><\/td>\n<td style=\"width: 170px; border-color: #ffffff; background-color: #ffffff;\"><span style=\"font-size: 8pt;\">Link: <a title=\"www.g-u.com\" href=\"http:\/\/www.g-u.com\/home.html\" target=\"_blank\" rel=\"noopener\">www.g-u.com<\/a><\/span><br \/>\n<span style=\"font-size: 8pt;\"> Automatikt\u00fcren, Sicherheitssysteme<\/span><\/td>\n<\/tr>\n<\/tbody>\n<\/table>\n<hr>\n<table style=\"border-color: #ffffff; background-color: #ffffff; width: 500px; height: 100px;\" border=\"0 px\">\n<tbody>\n<tr>\n<td style=\"width: 330px; border-color: #ffffff; background-color: #ffffff; text-align: center;\"><span style=\"font-size: 8pt;\"><a href=\"http:\/\/www.koelling.info\/\" target=\"_blank\" rel=\"http:\/\/www.koelling.info\/ noopener\"><img decoding=\"async\" loading=\"lazy\" class=\"alignnone wp-image-317 size-full\" src=\"https:\/\/www.wiko-metallbautechnik.de\/wordpress\/wp-content\/uploads\/2014\/09\/koelling_gruppe_logo.jpg\" alt=\"k\u00f6lling gruppe \/ k\u00f6lling glas \/ simon glas - wiko partner\" width=\"297\" height=\"45\"><\/a><\/span><\/td>\n<td style=\"width: 170px; border-color: #ffffff; background-color: #ffffff;\"><span style=\"font-size: 8pt;\">Link: <a title=\"www.koelling.info\" href=\"http:\/\/www.koelling.info\/\" target=\"_blank\" rel=\"noopener\">www.koelling.info<\/a><\/span><br \/>\n<span style=\"font-size: 8pt;\"> Funktionsglas (Brandschutzglas, Verbundsicherheitsglas W\u00e4rmed\u00e4mmglas)<\/span><\/td>\n<\/tr>\n<\/tbody>\n<\/table>\n<hr>\n<table style=\"border-color: #ffffff; background-color: #ffffff; width: 500px; height: 100px;\" border=\"0 px\">\n<tbody>\n<tr>\n<td style=\"width: 330px; border-color: #ffffff; background-color: #ffffff; text-align: center;\"><img decoding=\"async\" loading=\"lazy\" class=\"alignnone wp-image-1355 size-full\" src=\"https:\/\/www.wiko-metallbautechnik.de\/wordpress\/wp-content\/uploads\/2014\/09\/fenster_porta_logo.jpg\" alt=\"\" width=\"200\" height=\"75\"><\/td>\n<td style=\"width: 170px; border-color: #ffffff; background-color: #ffffff;\"><span style=\"font-size: 8pt;\">Link: <a title=\"www.fenster-as.de\/\" href=\"http:\/\/www.porta-fenster.de\" target=\"_blank\" rel=\"noopener\">www.porta-fenster.de<\/a><\/span><br \/>\n<span style=\"font-size: 8pt;\">Kunststoff-Fenster<\/span><\/td>\n<\/tr>\n<\/tbody>\n<\/table>\n<hr>\n<table style=\"border-color: #ffffff; background-color: #ffffff; width: 500px; height: 100px;\" border=\"0 px\">\n<tbody>\n<tr>\n<td style=\"width: 330px; border-color: #ffffff; background-color: #ffffff; text-align: center;\"><span style=\"font-size: 8pt;\"><a href=\"http:\/\/www.wuerth.de\/\" target=\"_blank\" rel=\"http:\/\/www.wuerth.de\/ noopener\"><img decoding=\"async\" loading=\"lazy\" class=\"alignnone wp-image-323 size-full\" src=\"https:\/\/www.wiko-metallbautechnik.de\/wordpress\/wp-content\/uploads\/2014\/09\/wuerth_logo-e1411977046879.jpg\" alt=\"w\u00fcrth - wiko partner\" width=\"155\" height=\"80\"><\/a><\/span><\/td>\n<td style=\"width: 170px; border-color: #ffffff; background-color: #ffffff;\"><span style=\"font-size: 8pt;\">Link: <a title=\"www.wuerth.de\" href=\"http:\/\/eshop.wuerth.de\/de\/DE\/EUR\" target=\"_blank\" rel=\"noopener\">www.wuerth.de<\/a><\/span><br \/>\n<span style=\"font-size: 8pt;\"> Montage- und Befestigungssysteme<\/span><\/td>\n<\/tr>\n<\/tbody>\n<\/table>\n<hr>\n<table style=\"border-color: #ffffff; background-color: #ffffff; width: 500px; height: 100px;\" border=\"0 px\">\n<tbody>\n<tr>\n<td style=\"width: 330px; border-color: #ffffff; background-color: #ffffff; text-align: center;\"><span style=\"font-size: 8pt;\"><a href=\"http:\/\/www.fischer.de\/\" target=\"_blank\" rel=\"http:\/\/www.fischer.de\/ noopener\"><img decoding=\"async\" loading=\"lazy\" class=\"alignnone wp-image-326 size-full\" src=\"https:\/\/www.wiko-metallbautechnik.de\/wordpress\/wp-content\/uploads\/2014\/09\/fischer_logo.jpg\" alt=\"fischer - wiko partner\" width=\"200\" height=\"54\"><\/a><\/span><\/td>\n<td style=\"width: 170px; border-color: #ffffff; background-color: #ffffff;\"><span style=\"font-size: 8pt;\">Link: <a title=\"www.geze.de\" href=\"http:\/\/www.geze.de\/\" target=\"_blank\" rel=\"noopener\">www.fischer.de<\/a><\/span><br \/>\n<span style=\"font-size: 8pt;\"> Montage- &amp; Befestigungssysteme<\/span><\/td>\n<\/tr>\n<\/tbody>\n<\/table>\n<hr>\n<table style=\"border-color: #ffffff; background-color: #ffffff; width: 500px; height: 100px;\" border=\"0 px\">\n<tbody>\n<tr>\n<td style=\"width: 330px; border-color: #ffffff; background-color: #ffffff; text-align: center;\"><span style=\"font-size: 8pt;\"><a href=\"https:\/\/www.hilti.de\/\" target=\"_blank\" rel=\"https:\/\/www.hilti.de\/ noopener\"><img decoding=\"async\" loading=\"lazy\" class=\"alignnone wp-image-329 size-full\" src=\"https:\/\/www.wiko-metallbautechnik.de\/wordpress\/wp-content\/uploads\/2014\/09\/hilti_logo.jpg\" alt=\"hilti - wiko partner\" width=\"200\" height=\"40\"><\/a><\/span><\/td>\n<td style=\"width: 170px; border-color: #ffffff; background-color: #ffffff;\"><span style=\"font-size: 8pt;\">Link: <a title=\"www.hilti.de\" href=\"https:\/\/www.hilti.de\/\" target=\"_blank\" rel=\"noopener\">www.hilti.de<\/a><\/span><br \/>\n<span style=\"font-size: 8pt;\"> Installationstechnik, Bauchemie, D\u00fcbeltechnik, Werkzeuge<\/span><\/td>\n<\/tr>\n<\/tbody>\n<\/table>\n<hr>\n<table style=\"border-color: #ffffff; background-color: #ffffff; width: 500px; height: 100px;\" border=\"0 px\">\n<tbody>\n<tr>\n<td style=\"width: 330px; border-color: #ffffff; background-color: #ffffff; text-align: center;\"><span style=\"font-size: 8pt;\"><a href=\"http:\/\/www.wero-rwa.de\/\" target=\"_blank\" rel=\"http:\/\/www.wero-rwa.de\/ noopener\"><img decoding=\"async\" loading=\"lazy\" class=\"alignnone wp-image-322 size-full\" src=\"https:\/\/www.wiko-metallbautechnik.de\/wordpress\/wp-content\/uploads\/2014\/09\/wero_logo-e1411977068802.jpg\" alt=\"wero - wiko partner\" width=\"80\" height=\"80\"><\/a><\/span><\/td>\n<td style=\"width: 170px; border-color: #ffffff; background-color: #ffffff;\"><span style=\"font-size: 8pt;\">Link: <a title=\"www.wero-rwa.de\" href=\"http:\/\/www.wero-rwa.de\/\" target=\"_blank\" rel=\"noopener\">www.wero-rwa.de<\/a><\/span><br \/>\n<span style=\"font-size: 8pt;\"> RWA- \/ Bel\u00fcftungsanlagen, Antriebsmotoren<br \/>\n<\/span><\/td>\n<\/tr>\n<\/tbody>\n<\/table>\n<hr>\n<table style=\"border-color: #ffffff; background-color: #ffffff; width: 500px; height: 100px;\" border=\"0 px\">\n<tbody>\n<tr>\n<td style=\"width: 330px; border-color: #ffffff; background-color: #ffffff; text-align: center;\"><span style=\"font-size: 8pt;\"><a href=\"http:\/\/www.warema.de\" target=\"_blank\" rel=\"http:\/\/www.warema.de noopener\"><img decoding=\"async\" loading=\"lazy\" class=\"alignnone wp-image-321 size-full\" src=\"https:\/\/www.wiko-metallbautechnik.de\/wordpress\/wp-content\/uploads\/2014\/09\/warema_logo-e1411977103822.jpg\" alt=\"warema - wiko partner\" width=\"126\" height=\"80\"><\/a><\/span><\/td>\n<td style=\"width: 170px; border-color: #ffffff; background-color: #ffffff;\"><span style=\"font-size: 8pt;\">Link: <a title=\"www.warema.de\" href=\"http:\/\/www.warema.de\" target=\"_blank\" rel=\"noopener\">www.warema.de<\/a><\/span><br \/>\n<span style=\"font-size: 8pt;\"> Sonnenschutz<\/span><\/td>\n<\/tr>\n<\/tbody>\n<\/table>\n<hr>\n<table style=\"border-color: #ffffff; background-color: #ffffff; width: 500px; height: 100px;\" border=\"0 px\">\n<tbody>\n<tr>\n<td style=\"width: 330px; border-color: #ffffff; background-color: #ffffff; text-align: center;\"><span style=\"font-size: 8pt;\"><a href=\"http:\/\/www.interpane.net\/\" target=\"_blank\" rel=\"http:\/\/www.interpane.net\/ noopener\"><img decoding=\"async\" loading=\"lazy\" class=\"alignnone wp-image-331 size-full\" src=\"https:\/\/www.wiko-metallbautechnik.de\/wordpress\/wp-content\/uploads\/2014\/09\/interpane_logo.jpg\" alt=\"interpane - wiko partner\" width=\"263\" height=\"50\"><\/a><\/span><\/td>\n<td style=\"width: 170px; border-color: #ffffff; background-color: #ffffff;\"><span style=\"font-size: 8pt;\">Link: <a title=\"www.interpane.net\" href=\"http:\/\/www.interpane.net\/\" target=\"_blank\" rel=\"noopener\">www.interpane.net<\/a><\/span><br \/>\n<span style=\"color: #2d2d2d; font-size: 8pt;\"> Funktionsglas<\/span><\/td>\n<\/tr>\n<\/tbody>\n<\/table>\n<hr>\n<table style=\"border-color: #ffffff; background-color: #ffffff; width: 500px; height: 100px;\" border=\"0 px\">\n<tbody>\n<tr>\n<td style=\"width: 330px; border-color: #ffffff; background-color: #ffffff; text-align: center;\"><span style=\"font-size: 8pt;\"><a href=\"http:\/\/www.saint-gobain.de\" target=\"_blank\" rel=\"http:\/\/www.saint-gobain.de noopener\"><img decoding=\"async\" loading=\"lazy\" class=\"alignnone wp-image-319 size-full\" src=\"https:\/\/www.wiko-metallbautechnik.de\/wordpress\/wp-content\/uploads\/2014\/09\/saint_gobain_logo.jpg\" alt=\"saint gobain - wiko partner\" width=\"200\" height=\"65\"><\/a><\/span><\/td>\n<td style=\"width: 170px; border-color: #ffffff; background-color: #ffffff;\"><span style=\"font-size: 8pt;\">Link: <a title=\"www.saint-gobain.de\" href=\"http:\/\/www.saint-gobain.de\" target=\"_blank\" rel=\"noopener\">www.saint-gobain.de<\/a><\/span><br \/>\n<span style=\"font-size: 8pt;\"> Funktionsglas (Brandschutzglas, Verbundsicherheitsglas W\u00e4rmed\u00e4mmglas)<\/span><\/td>\n<\/tr>\n<\/tbody>\n<\/table>\n<hr>\n<table style=\"border-color: #ffffff; background-color: #ffffff; width: 500px; height: 100px;\" border=\"0 px\">\n<tbody>\n<tr>\n<td style=\"width: 330px; border-color: #ffffff; background-color: #ffffff; text-align: center;\"><span style=\"font-size: 8pt;\"><a href=\"http:\/\/www.pilkington.com\/de-DE\/de\" target=\"_blank\" rel=\"http:\/\/www.pilkington.com\/de-DE\/de noopener\"><img decoding=\"async\" loading=\"lazy\" class=\"alignnone wp-image-318 size-full\" src=\"https:\/\/www.wiko-metallbautechnik.de\/wordpress\/wp-content\/uploads\/2014\/09\/pilkington_logo-e1411977130969.jpg\" alt=\"pilkington - wiko partner\" width=\"155\" height=\"80\"><\/a><\/span><\/td>\n<td style=\"width: 170px; border-color: #ffffff; background-color: #ffffff;\"><span style=\"font-size: 8pt;\"><a title=\"www.pilkington.de\" href=\"http:\/\/www.pilkington.de\" target=\"_blank\" rel=\"noopener\">Link: www.pilkington.de<\/a><\/span><br \/>\n<span style=\"font-size: 8pt;\"> Funktionsglas (Brandschutzglas, Verbundsicherheitsglas W\u00e4rmed\u00e4mmglas)<\/span><\/td>\n<\/tr>\n<\/tbody>\n<\/table>\n<hr>\n<table style=\"border-color: #ffffff; background-color: #ffffff; width: 500px; height: 100px;\" border=\"0 px\">\n<tbody>\n<tr>\n<td style=\"width: 330px; border-color: #ffffff; background-color: #ffffff; text-align: center;\"><span style=\"font-size: 8pt;\"><a href=\"http:\/\/www.eduard-hueck.de\" target=\"_blank\" rel=\"http:\/\/www.eduard-hueck.de noopener\"><img decoding=\"async\" loading=\"lazy\" class=\"alignnone wp-image-330 size-full\" src=\"https:\/\/www.wiko-metallbautechnik.de\/wordpress\/wp-content\/uploads\/2014\/09\/hueck_logo.jpg\" alt=\"hueck - wiko partner\" width=\"200\" height=\"30\"><\/a><\/span><\/td>\n<td style=\"width: 170px; border-color: #ffffff; background-color: #ffffff;\"><span style=\"font-size: 8pt;\">Link: <a title=\"www.eduard-hueck.de\" href=\"http:\/\/www.eduard-hueck.de\/hueck-de-de\/index.html\" target=\"_blank\" rel=\"noopener\">www.eduard-hueck.de<\/a><\/span><br \/>\n<span style=\"font-size: 8pt;\"> Aluminiumsysteme f\u00fcr Fenster, T\u00fcren und Fassaden<\/span><\/td>\n<\/tr>\n<\/tbody>\n<\/table>\n<hr>\n<p>&nbsp;<\/p>\n","protected":false},"excerpt":{"rendered":"<p>Link: www.schueco.de Aluminiumsysteme f\u00fcr Fenster, T\u00fcren und Fassaden Link: www.dorma.de Fenster\u00ad- &amp; T\u00fcr\u00adtechnik, Sicherheitssysteme Link: www.geze.de Fenster\u00ad- und T\u00fcr\u00adtechnik, Sicherheitssysteme Link: www.g-u.com Automatikt\u00fcren, Sicherheitssysteme Link: www.koelling.info Funktionsglas (Brandschutzglas, Verbundsicherheitsglas W\u00e4rmed\u00e4mmglas) Link: www.porta-fenster.de Kunststoff-Fenster Link: www.wuerth.de Montage- und Befestigungssysteme Link: www.fischer.de Montage- &amp; Befestigungssysteme Link: www.hilti.de Installationstechnik, Bauchemie, D\u00fcbeltechnik, Werkzeuge Link: www.wero-rwa.de RWA- \/ Bel\u00fcftungsanlagen, Antriebsmotoren <span class=\"ellipsis\">&hellip;<\/span> <span class=\"more-link-wrap\"><a href=\"https:\/\/www.wiko-metallbautechnik.de\/wordpress\/partner\/\" class=\"more-link\"><span>Read More &rarr;<\/span><\/a><\/span><\/p>\n","protected":false},"author":1,"featured_media":0,"parent":0,"menu_order":9,"comment_status":"closed","ping_status":"closed","template":"template-full-width.php","meta":{"ngg_post_thumbnail":0},"_links":{"self":[{"href":"https:\/\/www.wiko-metallbautechnik.de\/wordpress\/wp-json\/wp\/v2\/pages\/54"}],"collection":[{"href":"https:\/\/www.wiko-metallbautechnik.de\/wordpress\/wp-json\/wp\/v2\/pages"}],"about":[{"href":"https:\/\/www.wiko-metallbautechnik.de\/wordpress\/wp-json\/wp\/v2\/types\/page"}],"author":[{"embeddable":true,"href":"https:\/\/www.wiko-metallbautechnik.de\/wordpress\/wp-json\/wp\/v2\/users\/1"}],"replies":[{"embeddable":true,"href":"https:\/\/www.wiko-metallbautechnik.de\/wordpress\/wp-json\/wp\/v2\/comments?post=54"}],"version-history":[{"count":70,"href":"https:\/\/www.wiko-metallbautechnik.de\/wordpress\/wp-json\/wp\/v2\/pages\/54\/revisions"}],"predecessor-version":[{"id":1421,"href":"https:\/\/www.wiko-metallbautechnik.de\/wordpress\/wp-json\/wp\/v2\/pages\/54\/revisions\/1421"}],"wp:attachment":[{"href":"https:\/\/www.wiko-metallbautechnik.de\/wordpress\/wp-json\/wp\/v2\/media?parent=54"}],"curies":[{"name":"wp","href":"https:\/\/api.w.org\/{rel}","templated":true}]}}