{"id":49,"date":"2014-09-23T03:01:34","date_gmt":"2014-09-23T01:01:34","guid":{"rendered":"http:\/\/www.wiko-metallbautechnik.de\/wordpress\/?page_id=49"},"modified":"2021-11-10T11:15:37","modified_gmt":"2021-11-10T09:15:37","slug":"unternehmen","status":"publish","type":"page","link":"https:\/\/www.wiko-metallbautechnik.de\/wordpress\/unternehmen\/","title":{"rendered":"DATEN &amp; FAKTEN"},"content":{"rendered":"<div>\n<h1>IHR BAUPROJEKT<br \/>\nIST UNSER AUFTRAG<\/h1>\n<p style=\"text-align: justify;\"><img decoding=\"async\" loading=\"lazy\" class=\"alignright wp-image-1273 \" src=\"https:\/\/www.wiko-metallbautechnik.de\/wordpress\/wp-content\/uploads\/2017\/08\/altesStahlwerkNeumuenster-300x224.png\" width=\"407\" height=\"304\" srcset=\"https:\/\/www.wiko-metallbautechnik.de\/wordpress\/wp-content\/uploads\/2017\/08\/altesStahlwerkNeumuenster-300x224.png 300w, https:\/\/www.wiko-metallbautechnik.de\/wordpress\/wp-content\/uploads\/2017\/08\/altesStahlwerkNeumuenster-768x573.png 768w, https:\/\/www.wiko-metallbautechnik.de\/wordpress\/wp-content\/uploads\/2017\/08\/altesStahlwerkNeumuenster-580x433.png 580w, https:\/\/www.wiko-metallbautechnik.de\/wordpress\/wp-content\/uploads\/2017\/08\/altesStahlwerkNeumuenster.png 788w\" sizes=\"(max-width: 407px) 100vw, 407px\" \/>Unser Leistungspaket umfasst die intensive Beratung, Produktion und Montage von Fassaden, Fenstern und Lichtd\u00e4chern aller Art.<\/p>\n<p style=\"text-align: justify;\">Aluminium ist hier das Material der Wahl. Nutzen Sie diese Vorteile f\u00fcr Ihr Bauprojekt. Entscheiden Sie sich f\u00fcr die ganzheitliche Technik, die zukunftsweisend ist und einen \u00fcberzeugenden Werterhalt bietet. Die tragende S\u00e4ule f\u00fcr die ausgereifte Systemtechnik im Bereich der Fassaden und Lichtd\u00e4cher aus Aluminium ist Innovation.<\/p>\n<p style=\"text-align: justify;\">Seien auch Sie am Puls der Zeit und \u00fcberzeugen Sie mit einer ausdrucksstarken Umsetzung. Aus den systemgepr\u00fcften Aluminiumprofilen lassen sich konzeptionell die unterschiedlichsten Fassaden und Lichtd\u00e4cher fertigen. Wir begeistern unsere Auftraggeber und setzen Technologien mittels au\u00dfergew\u00f6hnlicher Ideen in die Tat um. Vertrauen Sie auf unsere Systemtechnik als Teil ganzheitlicher Innovation.<\/p>\n<\/div>\n<p>&nbsp;<\/p>\n<div><img decoding=\"async\" loading=\"lazy\" class=\"alignnone wp-image-1275\" src=\"https:\/\/www.wiko-metallbautechnik.de\/wordpress\/wp-content\/uploads\/2017\/08\/altesStahlwerkNeumuenster2-300x118.png\" alt=\"altesStahlwerkNeumuenster2\" width=\"583\" height=\"230\" srcset=\"https:\/\/www.wiko-metallbautechnik.de\/wordpress\/wp-content\/uploads\/2017\/08\/altesStahlwerkNeumuenster2-300x118.png 300w, https:\/\/www.wiko-metallbautechnik.de\/wordpress\/wp-content\/uploads\/2017\/08\/altesStahlwerkNeumuenster2-768x303.png 768w, https:\/\/www.wiko-metallbautechnik.de\/wordpress\/wp-content\/uploads\/2017\/08\/altesStahlwerkNeumuenster2-1024x404.png 1024w, https:\/\/www.wiko-metallbautechnik.de\/wordpress\/wp-content\/uploads\/2017\/08\/altesStahlwerkNeumuenster2-580x229.png 580w, https:\/\/www.wiko-metallbautechnik.de\/wordpress\/wp-content\/uploads\/2017\/08\/altesStahlwerkNeumuenster2-940x371.png 940w, https:\/\/www.wiko-metallbautechnik.de\/wordpress\/wp-content\/uploads\/2017\/08\/altesStahlwerkNeumuenster2.png 1117w\" sizes=\"(max-width: 583px) 100vw, 583px\" \/>&nbsp;<img decoding=\"async\" loading=\"lazy\" class=\"alignnone wp-image-1274\" src=\"https:\/\/www.wiko-metallbautechnik.de\/wordpress\/wp-content\/uploads\/2017\/08\/altesStahlwerkNeumuenster3-238x300.png\" alt=\"altesStahlwerkNeumuenster3\" width=\"182\" height=\"230\" srcset=\"https:\/\/www.wiko-metallbautechnik.de\/wordpress\/wp-content\/uploads\/2017\/08\/altesStahlwerkNeumuenster3-238x300.png 238w, https:\/\/www.wiko-metallbautechnik.de\/wordpress\/wp-content\/uploads\/2017\/08\/altesStahlwerkNeumuenster3.png 350w\" sizes=\"(max-width: 182px) 100vw, 182px\" \/><\/div>\n<div>&nbsp;<\/div>\n<div>&nbsp;<\/div>\n<p><em><strong>mehr \u00fcber uns &#8230;<\/strong><\/em><\/p>\n<p><!--nextpage--><\/p>\n<h1>\u00dcBERZEUGEND<br \/>\nUND BEW\u00c4HRT IM EINSATZ<\/h1>\n<p class=\"wp-image-1250 alignnone\"><img decoding=\"async\" loading=\"lazy\" class=\"wp-image-1250 alignleft\" style=\"width: 553px;\" src=\"https:\/\/www.wiko-metallbautechnik.de\/wordpress\/wp-content\/uploads\/2017\/08\/WagoMinden-266x300.png\" alt=\"WagoMinden\" width=\"284\" height=\"624\"><\/p>\n<p class=\"wp-image-1250 alignnone\" style=\"text-align: justify;\">Wer Zukunft gestalten will, f\u00fcr den ist Teamwork oberstes Gebot. Das gilt f\u00fcr das vertrauensvolle Miteinander von Kunde und Projektpartner genauso wie f\u00fcr das perfekte Zusammenspiel der Fachbereiche in der Ausf\u00fchrung.&nbsp;Wir verf\u00fcgen \u00fcber Expertisen in der Projektierung und Planung bis hin zur Produktion und Montage in den Bereichen Neubau, Umbau und Renovation.&nbsp;Unsere Zertifikate stehen f\u00fcr unsere Qualit\u00e4t und Professionalit\u00e4t und wir bieten optimale Sicherheit.&nbsp;Im Mittelpunkt unseres Handelns steht immer der zufriedene Kunde.<\/p>\n<p>&nbsp;<\/p>\n<p><span style=\"text-decoration: underline;\"><strong>Wir bieten:<\/strong><\/span><\/p>\n<p style=\"padding-left: 30px;\">&#8211; umfassende und qualifizierte Beratung<br \/>\n&#8211; EDV-gest\u00fctzte Angebotsphase und Produktionsvorbereitung<br \/>\n&#8211; CNC-gesteuertes Profilbearbeitungs-Center<br \/>\n&#8211; Einsatz modernster Technik<br \/>\n&#8211; vernetzte CAD-Arbeitspl\u00e4tze<br \/>\n&#8211; leistungsstarke Produktion<br \/>\n&#8211; fachgerechte Montage inklusive bundesweitem Service<br \/>\n&#8211; z\u00fcgige und planm\u00e4\u00dfige Abwicklung unserer Auftr\u00e4ge<\/p>\n<p>&nbsp;<\/p>\n<p><strong>Qualit\u00e4ts- und Fertigungsstandards<\/strong><\/p>\n<p><img decoding=\"async\" loading=\"lazy\" class=\"wp-image-2045 size-full alignnone\" src=\"https:\/\/www.wiko-metallbautechnik.de\/wordpress\/wp-content\/uploads\/2021\/11\/guetezeichen.png\" alt=\"\" width=\"153\" height=\"127\"><\/p>\n<p>&nbsp;<\/p>\n<p>&nbsp;<\/p>\n<p><em><strong>mehr \u00fcber uns &#8230;<\/strong><\/em><\/p>\n<p><!--nextpage--><\/p>\n<h1>DEN ANFORDERUNGEN<br \/>\nDES MARKTES STETS GERECHT<\/h1>\n<p style=\"text-align: justify;\"><img decoding=\"async\" loading=\"lazy\" class=\"alignright wp-image-1253 \" style=\"width: 344px;\" src=\"https:\/\/www.wiko-metallbautechnik.de\/wordpress\/wp-content\/uploads\/2017\/08\/BugattiHerford-300x228.png\" alt=\"BugattiHerford\" width=\"300\" height=\"261\"><br \/>\nWir produzieren und vertreiben Fenster, T\u00fcren, Fassaden, Lichtdach- und Solarkonstruktionen aus Aluminium und Glas in eloxierten oder fachbeschichteten Oberfl\u00e4chen wie auch Rauchschutzbauteile nach DIN 18095 und Brandschutzelemente nach DIN 4102.<\/p>\n<p style=\"text-align: justify;\"><strong>Das Leistungsspektrum orientiert sich klar an den Anforderungen des Marktes und wird kontinuierlich erweitert.<\/strong><\/p>\n<ul>\n<li><strong><a href=\"https:\/\/www.wiko-metallbautechnik.de\/wordpress\/fensterundtueren\/\">Fenster und T\u00fcren<\/a><\/strong><\/li>\n<li><strong><a href=\"https:\/\/www.wiko-metallbautechnik.de\/wordpress\/fassaden\/\">Fassaden und Lichtd\u00e4cher<\/a><\/strong><\/li>\n<li><strong><a href=\"https:\/\/www.wiko-metallbautechnik.de\/wordpress\/brand-rauchschutz\/\">Automation &amp; Sicherheitssysteme<\/a><\/strong><\/li>\n<\/ul>\n<div>&nbsp;<\/div>\n<div><img decoding=\"async\" loading=\"lazy\" class=\"alignnone wp-image-1260\" style=\"margin: 10px; width: 20%;\" src=\"https:\/\/www.wiko-metallbautechnik.de\/wordpress\/wp-content\/uploads\/2017\/08\/anforderungenBild1-300x136.png\" alt=\"anforderungenBild1\" width=\"20%\" height=\"68\" srcset=\"https:\/\/www.wiko-metallbautechnik.de\/wordpress\/wp-content\/uploads\/2017\/08\/anforderungenBild1-300x136.png 300w, https:\/\/www.wiko-metallbautechnik.de\/wordpress\/wp-content\/uploads\/2017\/08\/anforderungenBild1.png 384w\" sizes=\"(max-width: 300px) 100vw, 300px\" \/><img decoding=\"async\" loading=\"lazy\" class=\"alignnone wp-image-1259\" style=\"margin: 10px; width: 20%;\" src=\"https:\/\/www.wiko-metallbautechnik.de\/wordpress\/wp-content\/uploads\/2017\/08\/anforderungenBild2-300x139.png\" alt=\"anforderungenBild2\" width=\"150\" height=\"69\" srcset=\"https:\/\/www.wiko-metallbautechnik.de\/wordpress\/wp-content\/uploads\/2017\/08\/anforderungenBild2-300x139.png 300w, https:\/\/www.wiko-metallbautechnik.de\/wordpress\/wp-content\/uploads\/2017\/08\/anforderungenBild2.png 376w\" sizes=\"(max-width: 150px) 100vw, 150px\" \/><img decoding=\"async\" loading=\"lazy\" class=\"alignnone wp-image-1257\" style=\"margin: 10px; width: 20%;\" src=\"https:\/\/www.wiko-metallbautechnik.de\/wordpress\/wp-content\/uploads\/2017\/08\/anforderungenBild4-300x138.png\" alt=\"anforderungenBild4\" width=\"150\" height=\"69\" srcset=\"https:\/\/www.wiko-metallbautechnik.de\/wordpress\/wp-content\/uploads\/2017\/08\/anforderungenBild4-300x138.png 300w, https:\/\/www.wiko-metallbautechnik.de\/wordpress\/wp-content\/uploads\/2017\/08\/anforderungenBild4.png 375w\" sizes=\"(max-width: 150px) 100vw, 150px\" \/> <img decoding=\"async\" loading=\"lazy\" class=\"alignnone wp-image-1258\" style=\"margin: 10px; width: 20%;\" src=\"https:\/\/www.wiko-metallbautechnik.de\/wordpress\/wp-content\/uploads\/2017\/08\/anforderungenBild3-300x140.png\" alt=\"anforderungenBild3\" width=\"146\" height=\"68\" srcset=\"https:\/\/www.wiko-metallbautechnik.de\/wordpress\/wp-content\/uploads\/2017\/08\/anforderungenBild3-300x140.png 300w, https:\/\/www.wiko-metallbautechnik.de\/wordpress\/wp-content\/uploads\/2017\/08\/anforderungenBild3.png 374w\" sizes=\"(max-width: 146px) 100vw, 146px\" \/><\/div>\n<div>&nbsp;<\/div>\n<div>&nbsp;<\/div>\n<div><em><strong>mehr \u00fcber uns &#8230;<\/strong><\/em><\/div>\n<p><!--nextpage--><\/p>\n<div>\n<h1>BRANCHENTRENDS<br \/>\nFEST IM BLICK<\/h1>\n<p style=\"text-align: justify;\"><img decoding=\"async\" loading=\"lazy\" class=\"alignleft wp-image-1263\" style=\"width: 299px;\" src=\"https:\/\/www.wiko-metallbautechnik.de\/wordpress\/wp-content\/uploads\/2017\/08\/PraxenParkHamburg-300x223.png\" alt=\"PraxenParkHamburg\" width=\"284\" height=\"223\"><br \/>\nNeueste Branchentrends haben wir immer fest im Blick und integrieren diese in unsere Beratungsleistung, denn eine professionelle Kundenberatung und Preisfindung f\u00fcr marktgerechte L\u00f6sungen auf h\u00f6chstem Niveau und in allen Qualit\u00e4tsniveaus stehen bei uns im Mittelpunkt. Im Vertrieb und in der Verwaltung ist daher eine grundsolide kaufm\u00e4nnische Betreuung aller Bauvorhaben das A und O.<br \/>\nIn den Konstruktionsb\u00fcros arbeiten unsere Mitarbeiter CAD-unterst\u00fctzt mit<\/p>\n<p style=\"text-align: justify;\">modernster Technik professionell auf h\u00f6chstem Niveau. So k\u00f6nnen Kundenw\u00fcnsche zeitnah umgesetzt werden. Wir investieren st\u00e4ndig in den Maschinenpark um die Arbeitsabl\u00e4ufe bestm\u00f6glich zu automatisieren. Die Aus- und Weiterbildung unserer Mitarbeiter bringt diese immer wieder auf den neuesten Stand der Technik.<\/p>\n<\/div>\n<div>&nbsp;<\/div>\n<div><img decoding=\"async\" loading=\"lazy\" class=\"alignnone wp-image-1268 size-medium\" style=\"margin: 10px; width: 20%;\" src=\"https:\/\/www.wiko-metallbautechnik.de\/wordpress\/wp-content\/uploads\/2017\/08\/branchentrendsBild1-300x139.png\" width=\"300\" height=\"139\" srcset=\"https:\/\/www.wiko-metallbautechnik.de\/wordpress\/wp-content\/uploads\/2017\/08\/branchentrendsBild1-300x139.png 300w, https:\/\/www.wiko-metallbautechnik.de\/wordpress\/wp-content\/uploads\/2017\/08\/branchentrendsBild1.png 517w\" sizes=\"(max-width: 300px) 100vw, 300px\" \/><img decoding=\"async\" loading=\"lazy\" class=\"alignnone wp-image-1267 size-medium\" style=\"margin: 10px; width: 20%;\" src=\"https:\/\/www.wiko-metallbautechnik.de\/wordpress\/wp-content\/uploads\/2017\/08\/branchentrendsBild2-300x131.png\" width=\"300\" height=\"139\"><img decoding=\"async\" loading=\"lazy\" class=\"alignnone wp-image-1266 size-medium\" style=\"margin: 10px; width: 20%;\" src=\"https:\/\/www.wiko-metallbautechnik.de\/wordpress\/wp-content\/uploads\/2017\/08\/branchentrendsBild3-300x145.png\" width=\"300\" height=\"139\"> <img decoding=\"async\" loading=\"lazy\" class=\"alignnone wp-image-1272 size-medium\" style=\"margin: 10px; width: 20%;\" src=\"https:\/\/www.wiko-metallbautechnik.de\/wordpress\/wp-content\/uploads\/2017\/08\/branchenbild5-300x145.png\" width=\"300\" height=\"145\" srcset=\"https:\/\/www.wiko-metallbautechnik.de\/wordpress\/wp-content\/uploads\/2017\/08\/branchenbild5-300x145.png 300w, https:\/\/www.wiko-metallbautechnik.de\/wordpress\/wp-content\/uploads\/2017\/08\/branchenbild5.png 494w\" sizes=\"(max-width: 300px) 100vw, 300px\" \/><\/div>\n<div>&nbsp;<\/div>\n<p><span style=\"font-size: 10pt;\"><em><strong>mehr \u00fcber uns &#8230;<\/strong><\/em><\/span><\/p>\n<p><!--nextpage--><\/p>\n<p><img decoding=\"async\" loading=\"lazy\" class=\"wp-image-1071 alignleft\" src=\"https:\/\/www.wiko-metallbautechnik.de\/wordpress\/wp-content\/uploads\/2015\/09\/wiko-firma1-1024x701.jpg\" alt=\"\" width=\"602\" height=\"412\" srcset=\"https:\/\/www.wiko-metallbautechnik.de\/wordpress\/wp-content\/uploads\/2015\/09\/wiko-firma1-1024x701.jpg 1024w, https:\/\/www.wiko-metallbautechnik.de\/wordpress\/wp-content\/uploads\/2015\/09\/wiko-firma1-300x205.jpg 300w, https:\/\/www.wiko-metallbautechnik.de\/wordpress\/wp-content\/uploads\/2015\/09\/wiko-firma1.jpg 1168w\" sizes=\"(max-width: 602px) 100vw, 602px\" \/><\/p>\n<p>Geleitet durch unseren Anspruch h\u00f6chste Qualit\u00e4t und Perfektion zu liefern, k\u00f6nnen wir auf zahlreiche zufriedene Kunden verweisen. Durch langj\u00e4hrige Erfahrung und hoch-qualifiziertes Personal wird ein FIRMEN-hoher Kundennutzen erreicht.<\/p>\n<p>Durch st\u00e4ndige Weiterbildung unserer Mitarbeiter bauen wir unsere technische Kompetenz weiter aus und gew\u00e4hrleisten dadurch eine zukunftsweisende Produkt-palette. Hierdurch sind wir in der Lage, ganzheitliche L\u00f6sungen im Objektbereich zu Verf\u00fcgung zu stellen.<\/p>\n<p>Ziel der wiko-Metallbautechnik GmbH &amp; Co. KG ist es, einen anspruchsvollen Kundenkreis mit erstklassigem Service und hochwertigen Produkten zu versorgen.Durch unsere vielf\u00e4ltige Produktpalette sind wir in der Lage, modernste Objekte zu realisieren.<\/p>\n<p>Wir bieten erstklassige Beratung und professionelle Zusammenarbeit f\u00fcr Architekten, Investorengruppen, institutionelle Anleger und beh\u00f6rdliche Auftraggeber.<\/p>\n<p>Nutzen Sie unser Know-how!<\/p>\n<h1>&nbsp;<\/h1>\n<h1>FIRMEN-HISTORIE<\/h1>\n<table style=\"height: 212px; width: 831px;\">\n<tbody>\n<tr>\n<td style=\"width: 75px;\">1957<\/td>\n<td style=\"width: 746px;\">Gr\u00fcndung durch Wilhelm Kottkamp (Vater des Mitgesellschafters W.H Kottkamp)<\/td>\n<\/tr>\n<tr>\n<td style=\"width: 75px;\">1980<\/td>\n<td style=\"width: 746px;\">\u00dcbergabe der Gesch\u00e4ftsleitung an die Herren Heinz Meyer und Wilhelm-Heinrich Kottkamp<\/td>\n<\/tr>\n<tr>\n<td style=\"width: 75px;\">1980er<\/td>\n<td style=\"width: 746px;\">Vergr\u00f6\u00dferung und Umzug in die Benzstra\u00dfe in L\u00fcbbecke<\/td>\n<\/tr>\n<tr>\n<td style=\"width: 75px;\">1990<\/td>\n<td style=\"width: 746px;\">wiko besch\u00e4ftigt ca. 50 Mitarbeiter<\/td>\n<\/tr>\n<tr>\n<td style=\"width: 75px;\">2000<\/td>\n<td style=\"width: 746px;\">wiko besch\u00e4ftigt ca. 60 Mitarbeiter<\/td>\n<\/tr>\n<tr>\n<td style=\"width: 75px;\">2008<\/td>\n<td style=\"width: 746px;\">erneute Vergr\u00f6\u00dferung und Umzug in die Carl-Vogeler-Stra\u00dfe in L\u00fcbbecke<\/td>\n<\/tr>\n<tr>\n<td style=\"width: 75px;\">2015<\/td>\n<td style=\"width: 746px;\">die zuk\u00fcnftigen Nachfolger David O&#8217;Sullivan und Daniel Groh treten ins Unternehmen ein<\/td>\n<\/tr>\n<tr>\n<td style=\"width: 75px;\">heute<\/td>\n<td style=\"width: 746px;\">wiko besch\u00e4ftigt ca. 80 Mitarbeiter<\/td>\n<\/tr>\n<\/tbody>\n<\/table>\n","protected":false},"excerpt":{"rendered":"<p>IHR BAUPROJEKT IST UNSER AUFTRAG Unser Leistungspaket umfasst die intensive Beratung, Produktion und Montage von Fassaden, Fenstern und Lichtd\u00e4chern aller Art. Aluminium ist hier das Material der Wahl. Nutzen Sie diese Vorteile f\u00fcr Ihr Bauprojekt. Entscheiden Sie sich f\u00fcr die ganzheitliche Technik, die zukunftsweisend ist und einen \u00fcberzeugenden Werterhalt bietet. Die tragende S\u00e4ule f\u00fcr die <span class=\"ellipsis\">&hellip;<\/span> <span class=\"more-link-wrap\"><a href=\"https:\/\/www.wiko-metallbautechnik.de\/wordpress\/unternehmen\/\" class=\"more-link\"><span>Read More &rarr;<\/span><\/a><\/span><\/p>\n","protected":false},"author":1,"featured_media":0,"parent":0,"menu_order":8,"comment_status":"closed","ping_status":"closed","template":"template-full-width.php","meta":{"ngg_post_thumbnail":0},"_links":{"self":[{"href":"https:\/\/www.wiko-metallbautechnik.de\/wordpress\/wp-json\/wp\/v2\/pages\/49"}],"collection":[{"href":"https:\/\/www.wiko-metallbautechnik.de\/wordpress\/wp-json\/wp\/v2\/pages"}],"about":[{"href":"https:\/\/www.wiko-metallbautechnik.de\/wordpress\/wp-json\/wp\/v2\/types\/page"}],"author":[{"embeddable":true,"href":"https:\/\/www.wiko-metallbautechnik.de\/wordpress\/wp-json\/wp\/v2\/users\/1"}],"replies":[{"embeddable":true,"href":"https:\/\/www.wiko-metallbautechnik.de\/wordpress\/wp-json\/wp\/v2\/comments?post=49"}],"version-history":[{"count":51,"href":"https:\/\/www.wiko-metallbautechnik.de\/wordpress\/wp-json\/wp\/v2\/pages\/49\/revisions"}],"predecessor-version":[{"id":2046,"href":"https:\/\/www.wiko-metallbautechnik.de\/wordpress\/wp-json\/wp\/v2\/pages\/49\/revisions\/2046"}],"wp:attachment":[{"href":"https:\/\/www.wiko-metallbautechnik.de\/wordpress\/wp-json\/wp\/v2\/media?parent=49"}],"curies":[{"name":"wp","href":"https:\/\/api.w.org\/{rel}","templated":true}]}}