{"id":280,"date":"2014-09-24T10:52:29","date_gmt":"2014-09-24T08:52:29","guid":{"rendered":"http:\/\/www.wiko-metallbautechnik.de\/wordpress\/?page_id=280"},"modified":"2024-02-12T13:00:05","modified_gmt":"2024-02-12T11:00:05","slug":"downloads","status":"publish","type":"page","link":"https:\/\/www.wiko-metallbautechnik.de\/wordpress\/unternehmen\/downloads\/","title":{"rendered":"MEDIEN &#038; PRESSE"},"content":{"rendered":"<h3><strong><script language=\"javascript\" type=\"text\/javascript\"><br \/>\nvar d = new Date()<br \/>\ndocument.write('Presseinformationen 2016 - '+d.getFullYear()+':');<br \/>\n<\/script><\/strong><\/h3>\n<ul>\n<li>\n<h5><a href=\"https:\/\/www.wiko-metallbautechnik.de\/wordpress\/wp-content\/uploads\/2017\/11\/Artikel-GIB_Info-3_17-Mit-Assistenzsystemen-neue-Zielgruppen-erschlie\u00dfen.pdf\" target=\"_blank\" rel=\"noopener noreferrer\"><strong>Mit Assistenzsystemen neue Zielgruppen erschlie\u00dfen &#8211;&nbsp;<\/strong><\/a><a href=\"https:\/\/www.wiko-metallbautechnik.de\/wordpress\/wp-content\/uploads\/2017\/11\/Artikel-GIB_Info-3_17-Mit-Assistenzsystemen-neue-Zielgruppen-erschlie\u00dfen.pdf\" target=\"_blank\" rel=\"noopener noreferrer\">GIB_Info 3_17<\/a><\/h5>\n<\/li>\n<li>\n<h5><a href=\"https:\/\/www.wiko-metallbautechnik.de\/wordpress\/wp-content\/uploads\/2017\/11\/Artikel-Wiko-gibt-Fl\u00fcchtlingen-eine-Chance.pdf\" target=\"_blank\" rel=\"noopener noreferrer\"><strong>wiko gibt Fl\u00fcchtlingen eine Chance &#8211;&nbsp;<\/strong><\/a><a href=\"https:\/\/www.wiko-metallbautechnik.de\/wordpress\/wp-content\/uploads\/2017\/11\/Artikel-Wiko-gibt-Fl\u00fcchtlingen-eine-Chance.pdf\" target=\"_blank\" rel=\"noopener noreferrer\">Neue Westf\u00e4lische<\/a><\/h5>\n<\/li>\n<li>\n<h5><a href=\"https:\/\/www.wiko-metallbautechnik.de\/wordpress\/wp-content\/uploads\/2017\/11\/Artikel-L\u00fcbbecker-Land-Fl\u00fcchtlinge-in-Ausbildung-und-Arbeit.pdf\" target=\"_blank\" rel=\"noopener noreferrer\"><strong>Fl\u00fcchtlinge in Ausbildung und Arbeit <\/strong>&#8211;&nbsp;<\/a><a href=\"https:\/\/www.wiko-metallbautechnik.de\/wordpress\/wp-content\/uploads\/2017\/11\/Artikel-L\u00fcbbecker-Kreiszeitung-Probearbeiten-gegl\u00fcckt.pdf\" target=\"_blank\" rel=\"noopener noreferrer\">L\u00fcbbecker Land<\/a><\/h5>\n<\/li>\n<li>\n<h5><a href=\"https:\/\/www.wiko-metallbautechnik.de\/wordpress\/wp-content\/uploads\/2017\/11\/Artikel-L\u00fcbbecker-Kreiszeitung-Probearbeiten-gegl\u00fcckt.pdf\" target=\"_blank\" rel=\"noopener noreferrer\"><strong>Probearbeiten gegl\u00fcckt &#8211;<\/strong>&nbsp;<\/a><a href=\"https:\/\/www.wiko-metallbautechnik.de\/wordpress\/wp-content\/uploads\/2017\/11\/Artikel-L\u00fcbbecker-Kreiszeitung-Probearbeiten-gegl\u00fcckt.pdf\" target=\"_blank\" rel=\"noopener noreferrer\">L\u00fcbbecker Kreiszeitung<\/a><\/h5>\n<\/li>\n<li>\n<h5><a href=\"https:\/\/www.wiko-metallbautechnik.de\/wordpress\/wp-content\/uploads\/2017\/11\/Artikel-Arbeit-ist-die-beste-Integrationsform.pdf\" target=\"_blank\" rel=\"noopener noreferrer\"><strong>Arbeit ist die beste Integrationsform &#8211;&nbsp;<\/strong><\/a><a href=\"https:\/\/www.wiko-metallbautechnik.de\/wordpress\/wp-content\/uploads\/2017\/11\/Artikel-Arbeit-ist-die-beste-Integrationsform.pdf\" target=\"_blank\" rel=\"noopener noreferrer\">Neue Westf\u00e4lische<\/a><\/h5>\n<\/li>\n<\/ul>\n<hr>\n<h3><strong><br \/>\nDownloads:<\/strong><\/h3>\n<ul>\n<li>\n<h5><strong><a href=\"https:\/\/www.wiko-metallbautechnik.de\/wordpress\/wp-content\/uploads\/2024\/02\/wiko_Metallbautechnik_GmbH_u_Co_KG-Broschuere-web.pdf\" target=\"_blank\" rel=\"noopener\">Brosch\u00fcre wiko-Metallbautechnik 2024<\/a><\/strong><\/h5>\n<\/li>\n<li>\n<h5><a href=\"https:\/\/www.wiko-metallbautechnik.de\/wordpress\/wp-content\/downloads\/Hinweise%20zu%20Einbau%20und%20Verarbeitung.pdf\" target=\"_blank\" rel=\"noopener noreferrer\"><strong>Hinweise zu Einbau und Verarbeitung<\/strong> (PDF &#8211; 2,4 MB)<\/a><\/h5>\n<\/li>\n<li>\n<h5><a href=\"https:\/\/www.wiko-metallbautechnik.de\/wordpress\/wp-content\/downloads\/Schueco_Bedienung-Wartung-und-Pflege.pdf\" target=\"_blank\" rel=\"noopener noreferrer\"><strong>Sch\u00fcco &#8211; Bedienung, Wartung-und-Pflege 08.2013<\/strong> (PDF &#8211; 1,7 MB)<\/a><\/h5>\n<\/li>\n<li>\n<h5><a href=\"https:\/\/www.wiko-metallbautechnik.de\/wordpress\/wp-content\/uploads\/2014\/09\/wiko-Flyer-Sch\u00fcco-Partner.pdf\" target=\"_blank\" rel=\"noopener noreferrer\"><strong>wiko Flyer<\/strong> &#8211; Sch\u00fcco Partner (PDF &#8211; 0,5 MB)<\/a><\/h5>\n<\/li>\n<li>\n<h5><span style=\"font-size: 10pt;\"><a href=\"https:\/\/www.wiko-metallbautechnik.de\/wordpress\/ce-kennzeichnung\/\"><strong>Produktp\u00e4sse CE-Kennzeichnung<\/strong> (Download-Seite)<\/a><\/span><\/h5>\n<\/li>\n<\/ul>\n<hr>\n<h3><strong><br \/>\nVideos:<\/strong><\/h3>\n<p><iframe loading=\"lazy\" title=\"wiko - Fenstermontage \/ 900 Kilo-Scheibe (Zeitraffer)\" width=\"580\" height=\"326\" src=\"https:\/\/www.youtube.com\/embed\/hOpUj3R4Nws?feature=oembed\" frameborder=\"0\" allow=\"accelerometer; autoplay; clipboard-write; encrypted-media; gyroscope; picture-in-picture; web-share\" allowfullscreen><\/iframe><\/p>\n<p>&nbsp;<\/p>\n","protected":false},"excerpt":{"rendered":"<p>Mit Assistenzsystemen neue Zielgruppen erschlie\u00dfen &#8211;&nbsp;GIB_Info 3_17 wiko gibt Fl\u00fcchtlingen eine Chance &#8211;&nbsp;Neue Westf\u00e4lische Fl\u00fcchtlinge in Ausbildung und Arbeit &#8211;&nbsp;L\u00fcbbecker Land Probearbeiten gegl\u00fcckt &#8211;&nbsp;L\u00fcbbecker Kreiszeitung Arbeit ist die beste Integrationsform &#8211;&nbsp;Neue Westf\u00e4lische Downloads: Brosch\u00fcre wiko-Metallbautechnik 2024 Hinweise zu Einbau und Verarbeitung (PDF &#8211; 2,4 MB) Sch\u00fcco &#8211; Bedienung, Wartung-und-Pflege 08.2013 (PDF &#8211; 1,7 MB) wiko <span class=\"ellipsis\">&hellip;<\/span> <span class=\"more-link-wrap\"><a href=\"https:\/\/www.wiko-metallbautechnik.de\/wordpress\/unternehmen\/downloads\/\" class=\"more-link\"><span>Read More &rarr;<\/span><\/a><\/span><\/p>\n","protected":false},"author":1,"featured_media":0,"parent":49,"menu_order":0,"comment_status":"closed","ping_status":"closed","template":"","meta":{"ngg_post_thumbnail":0},"_links":{"self":[{"href":"https:\/\/www.wiko-metallbautechnik.de\/wordpress\/wp-json\/wp\/v2\/pages\/280"}],"collection":[{"href":"https:\/\/www.wiko-metallbautechnik.de\/wordpress\/wp-json\/wp\/v2\/pages"}],"about":[{"href":"https:\/\/www.wiko-metallbautechnik.de\/wordpress\/wp-json\/wp\/v2\/types\/page"}],"author":[{"embeddable":true,"href":"https:\/\/www.wiko-metallbautechnik.de\/wordpress\/wp-json\/wp\/v2\/users\/1"}],"replies":[{"embeddable":true,"href":"https:\/\/www.wiko-metallbautechnik.de\/wordpress\/wp-json\/wp\/v2\/comments?post=280"}],"version-history":[{"count":81,"href":"https:\/\/www.wiko-metallbautechnik.de\/wordpress\/wp-json\/wp\/v2\/pages\/280\/revisions"}],"predecessor-version":[{"id":2116,"href":"https:\/\/www.wiko-metallbautechnik.de\/wordpress\/wp-json\/wp\/v2\/pages\/280\/revisions\/2116"}],"up":[{"embeddable":true,"href":"https:\/\/www.wiko-metallbautechnik.de\/wordpress\/wp-json\/wp\/v2\/pages\/49"}],"wp:attachment":[{"href":"https:\/\/www.wiko-metallbautechnik.de\/wordpress\/wp-json\/wp\/v2\/media?parent=280"}],"curies":[{"name":"wp","href":"https:\/\/api.w.org\/{rel}","templated":true}]}}