{"id":22,"date":"2014-09-23T02:08:57","date_gmt":"2014-09-23T00:08:57","guid":{"rendered":"http:\/\/www.wiko-metallbautechnik.de\/wordpress\/?page_id=22"},"modified":"2017-11-06T04:03:56","modified_gmt":"2017-11-06T02:03:56","slug":"brand-rauchschutz","status":"publish","type":"page","link":"https:\/\/www.wiko-metallbautechnik.de\/wordpress\/brand-rauchschutz\/","title":{"rendered":"AUTOMATION &#038; SICHERHEITSSYSTEME"},"content":{"rendered":"<h3 style=\"text-align: justify;\">Unsere Systeme bieten dank der Komplett-Pr\u00fcfung aller Komponenten umfassende Sicherheit. Der Kunde erh\u00e4lt alles aus einer Hand, inklusive der erforderlichen Profile, Beschl\u00e4ge und Brandschutzgl\u00e4ser gem\u00e4\u00df Zulassungen.<\/h3>\n<table class=\"alignleft\" style=\"width: 900px;\" border=\"rgb(255, 255, 255)\" cellpadding=\"20\">\n<tbody>\n<tr>\n<td style=\"width: 430px; background-color: #f7f7f7; border-color: #ffffff; text-align: left; vertical-align: top;\">\n<h3 style=\"text-align: center;\"><strong><br \/>\nSicherheitssysteme<br \/>\n<\/strong><\/h3>\n<hr>\n<ul>\n<li>\n<h5>Einbruchhemmung f\u00fcr Fenster, T\u00fcren und Fassaden<\/h5>\n<\/li>\n<li>\n<h5>einbruchh\u00e4mmende Beschl\u00e4ge<\/h5>\n<\/li>\n<li>\n<h5>\u00d6ffnen und Schlie\u00dfen &#8211; elektronisch \u00fcberwacht<\/h5>\n<\/li>\n<li>\n<h5>sicherer Schutz vor Durchschuss<\/h5>\n<\/li>\n<li>\n<h5>Sicherheit bei Explosionen<\/h5>\n<\/li>\n<\/ul>\n<\/td>\n<td style=\"width: 430px; background-color: #f7f7f7; border-color: #ffffff; text-align: left; vertical-align: top;\">\n<h3 style=\"text-align: center;\"><strong><br \/>\nSystem-Vielfalt<br \/>\n<\/strong><\/h3>\n<hr>\n<ul>\n<li>\n<h5>Brandschutzt\u00fcren<\/h5>\n<\/li>\n<li>\n<h5>Brandschutzklappen<\/h5>\n<\/li>\n<li>\n<h5>Brandschutzfassaden<\/h5>\n<\/li>\n<li>\n<h5>Brandschutzbr\u00fcstungen<\/h5>\n<\/li>\n<li>\n<h5>Rauchschutzt\u00fcren<\/h5>\n<\/li>\n<li>\n<h5>RWA-Anlagen aus einer Hand<\/h5>\n<\/li>\n<\/ul>\n<\/td>\n<\/tr>\n<\/tbody>\n<\/table>\n<table class=\" aligncenter\" style=\"border-color: #ffffff; background-color: #ffffff; width: 870px;\">\n<tbody>\n<tr>\n<td style=\"width: 290px; text-align: center;\"><span style=\"font-size: 8pt;\"><img decoding=\"async\" loading=\"lazy\" class=\"aligncenter wp-image-1496\" src=\"https:\/\/www.wiko-metallbautechnik.de\/wordpress\/wp-content\/uploads\/2017\/11\/RWA_TipTronic_m_Zugbruecke.jpg\" alt=\"\" width=\"179\" height=\"200\" srcset=\"https:\/\/www.wiko-metallbautechnik.de\/wordpress\/wp-content\/uploads\/2017\/11\/RWA_TipTronic_m_Zugbruecke.jpg 425w, https:\/\/www.wiko-metallbautechnik.de\/wordpress\/wp-content\/uploads\/2017\/11\/RWA_TipTronic_m_Zugbruecke-268x300.jpg 268w\" sizes=\"(max-width: 179px) 100vw, 179px\" \/> RWA TipTronic<\/span><\/td>\n<td style=\"width: 290px; text-align: center;\"><span style=\"font-size: 8pt;\"><img decoding=\"async\" loading=\"lazy\" class=\"aligncenter wp-image-1493\" src=\"https:\/\/www.wiko-metallbautechnik.de\/wordpress\/wp-content\/uploads\/2017\/11\/RWA_Zentrale_MSC_d.jpg\" alt=\"\" width=\"200\" height=\"200\" srcset=\"https:\/\/www.wiko-metallbautechnik.de\/wordpress\/wp-content\/uploads\/2017\/11\/RWA_Zentrale_MSC_d.jpg 425w, https:\/\/www.wiko-metallbautechnik.de\/wordpress\/wp-content\/uploads\/2017\/11\/RWA_Zentrale_MSC_d-150x150.jpg 150w, https:\/\/www.wiko-metallbautechnik.de\/wordpress\/wp-content\/uploads\/2017\/11\/RWA_Zentrale_MSC_d-300x300.jpg 300w\" sizes=\"(max-width: 200px) 100vw, 200px\" \/>RWA_Zentrale_MSC<br \/>\n<\/span><\/td>\n<td style=\"width: 290px; text-align: center;\"><span style=\"font-size: 8pt;\"><img decoding=\"async\" loading=\"lazy\" class=\"aligncenter wp-image-1485\" src=\"https:\/\/www.wiko-metallbautechnik.de\/wordpress\/wp-content\/uploads\/2017\/11\/FireStop_ADS_90_FR_30_m_Krankenhaus.jpg\" alt=\"\" width=\"200\" height=\"200\" srcset=\"https:\/\/www.wiko-metallbautechnik.de\/wordpress\/wp-content\/uploads\/2017\/11\/FireStop_ADS_90_FR_30_m_Krankenhaus.jpg 425w, https:\/\/www.wiko-metallbautechnik.de\/wordpress\/wp-content\/uploads\/2017\/11\/FireStop_ADS_90_FR_30_m_Krankenhaus-150x150.jpg 150w, https:\/\/www.wiko-metallbautechnik.de\/wordpress\/wp-content\/uploads\/2017\/11\/FireStop_ADS_90_FR_30_m_Krankenhaus-300x300.jpg 300w\" sizes=\"(max-width: 200px) 100vw, 200px\" \/>FireStop_ADS_90_FR_30<br \/>\n<\/span><\/td>\n<td style=\"width: 290px; text-align: center;\"><span style=\"font-size: 8pt;\"><img decoding=\"async\" loading=\"lazy\" class=\"aligncenter wp-image-1486\" src=\"https:\/\/www.wiko-metallbautechnik.de\/wordpress\/wp-content\/uploads\/2017\/11\/CCB_d.jpg\" alt=\"\" width=\"100\" height=\"200\" srcset=\"https:\/\/www.wiko-metallbautechnik.de\/wordpress\/wp-content\/uploads\/2017\/11\/CCB_d.jpg 425w, https:\/\/www.wiko-metallbautechnik.de\/wordpress\/wp-content\/uploads\/2017\/11\/CCB_d-150x300.jpg 150w\" sizes=\"(max-width: 100px) 100vw, 100px\" \/>CCB_d<br \/>\n<\/span><\/td>\n<\/tr>\n<\/tbody>\n<\/table>\n<p>&nbsp;<\/p>\n<p>&nbsp;<\/p>\n<p>&nbsp;<\/p>\n<p>&nbsp;<\/p>\n","protected":false},"excerpt":{"rendered":"<p>Unsere Systeme bieten dank der Komplett-Pr\u00fcfung aller Komponenten umfassende Sicherheit. Der Kunde erh\u00e4lt alles aus einer Hand, inklusive der erforderlichen Profile, Beschl\u00e4ge und Brandschutzgl\u00e4ser gem\u00e4\u00df Zulassungen. Sicherheitssysteme Einbruchhemmung f\u00fcr Fenster, T\u00fcren und Fassaden einbruchh\u00e4mmende Beschl\u00e4ge \u00d6ffnen und Schlie\u00dfen &#8211; elektronisch \u00fcberwacht sicherer Schutz vor Durchschuss Sicherheit bei Explosionen System-Vielfalt Brandschutzt\u00fcren Brandschutzklappen Brandschutzfassaden Brandschutzbr\u00fcstungen Rauchschutzt\u00fcren RWA-Anlagen <span class=\"ellipsis\">&hellip;<\/span> <span class=\"more-link-wrap\"><a href=\"https:\/\/www.wiko-metallbautechnik.de\/wordpress\/brand-rauchschutz\/\" class=\"more-link\"><span>Read More &rarr;<\/span><\/a><\/span><\/p>\n","protected":false},"author":1,"featured_media":0,"parent":0,"menu_order":5,"comment_status":"closed","ping_status":"closed","template":"template-full-width.php","meta":{"ngg_post_thumbnail":0},"_links":{"self":[{"href":"https:\/\/www.wiko-metallbautechnik.de\/wordpress\/wp-json\/wp\/v2\/pages\/22"}],"collection":[{"href":"https:\/\/www.wiko-metallbautechnik.de\/wordpress\/wp-json\/wp\/v2\/pages"}],"about":[{"href":"https:\/\/www.wiko-metallbautechnik.de\/wordpress\/wp-json\/wp\/v2\/types\/page"}],"author":[{"embeddable":true,"href":"https:\/\/www.wiko-metallbautechnik.de\/wordpress\/wp-json\/wp\/v2\/users\/1"}],"replies":[{"embeddable":true,"href":"https:\/\/www.wiko-metallbautechnik.de\/wordpress\/wp-json\/wp\/v2\/comments?post=22"}],"version-history":[{"count":35,"href":"https:\/\/www.wiko-metallbautechnik.de\/wordpress\/wp-json\/wp\/v2\/pages\/22\/revisions"}],"predecessor-version":[{"id":1697,"href":"https:\/\/www.wiko-metallbautechnik.de\/wordpress\/wp-json\/wp\/v2\/pages\/22\/revisions\/1697"}],"wp:attachment":[{"href":"https:\/\/www.wiko-metallbautechnik.de\/wordpress\/wp-json\/wp\/v2\/media?parent=22"}],"curies":[{"name":"wp","href":"https:\/\/api.w.org\/{rel}","templated":true}]}}