{"id":18,"date":"2014-09-23T02:07:50","date_gmt":"2014-09-23T00:07:50","guid":{"rendered":"http:\/\/www.wiko-metallbautechnik.de\/wordpress\/?page_id=18"},"modified":"2018-02-11T16:55:48","modified_gmt":"2018-02-11T14:55:48","slug":"fassaden","status":"publish","type":"page","link":"https:\/\/www.wiko-metallbautechnik.de\/wordpress\/fassaden\/","title":{"rendered":"FASSADEN"},"content":{"rendered":"<h3><strong>wachsende Bedeutung innovativer Systeme<\/strong><\/h3>\n<h4>Die selbsttragende, zweischalige und w\u00e4rmed\u00e4mmende Pfosten-Riegel-Konstruktion entwickelt sich immer mehr zum Feld f\u00fcr Innovationen. Die klassische Aluminium-Glas-Fassade erf\u00fcllt neue, erweiterte Funktionen.<\/h4>\n<ul>\n<li>\n<h3>Brandschutz-Fassaden aus Aluminium<\/h3>\n<\/li>\n<li>\n<h3>Structural Glazing in Varianten<\/h3>\n<\/li>\n<li>\n<h3>erh\u00f6hter W\u00e4rmeschutz<\/h3>\n<\/li>\n<li>\n<h3>mehrschalige Fassadenkonstruktionen<\/h3>\n<\/li>\n<\/ul>\n<table class=\" alignleft\" style=\"border-color: #ffffff; background-color: #ffffff; width: 870px;\">\n<tbody>\n<tr>\n<td style=\"width: 290px; text-align: center;\"><span style=\"font-size: 8pt;\"><img decoding=\"async\" loading=\"lazy\" class=\"wp-image-1513 aligncenter\" src=\"https:\/\/www.wiko-metallbautechnik.de\/wordpress\/wp-content\/uploads\/2017\/11\/FWS_35_PD_SI_k.jpg\" alt=\"\" width=\"200\" height=\"200\" srcset=\"https:\/\/www.wiko-metallbautechnik.de\/wordpress\/wp-content\/uploads\/2017\/11\/FWS_35_PD_SI_k.jpg 425w, https:\/\/www.wiko-metallbautechnik.de\/wordpress\/wp-content\/uploads\/2017\/11\/FWS_35_PD_SI_k-150x150.jpg 150w, https:\/\/www.wiko-metallbautechnik.de\/wordpress\/wp-content\/uploads\/2017\/11\/FWS_35_PD_SI_k-300x300.jpg 300w\" sizes=\"(max-width: 200px) 100vw, 200px\" \/>&nbsp;FWS 35 PD.SI<\/span><\/td>\n<td style=\"width: 290px; text-align: center;\"><span style=\"font-size: 8pt;\"><img decoding=\"async\" loading=\"lazy\" class=\"wp-image-1512 aligncenter\" src=\"https:\/\/www.wiko-metallbautechnik.de\/wordpress\/wp-content\/uploads\/2017\/11\/FWS_60_CV_d_Baukoerperanschluss.jpg\" alt=\"\" width=\"200\" height=\"200\" srcset=\"https:\/\/www.wiko-metallbautechnik.de\/wordpress\/wp-content\/uploads\/2017\/11\/FWS_60_CV_d_Baukoerperanschluss.jpg 425w, https:\/\/www.wiko-metallbautechnik.de\/wordpress\/wp-content\/uploads\/2017\/11\/FWS_60_CV_d_Baukoerperanschluss-150x150.jpg 150w, https:\/\/www.wiko-metallbautechnik.de\/wordpress\/wp-content\/uploads\/2017\/11\/FWS_60_CV_d_Baukoerperanschluss-300x300.jpg 300w\" sizes=\"(max-width: 200px) 100vw, 200px\" \/>&nbsp;FWS 60 CV Bauk\u00f6rperanschluss<\/span><\/td>\n<td style=\"width: 290px; text-align: center;\"><span style=\"font-size: 8pt;\"><img decoding=\"async\" loading=\"lazy\" class=\"wp-image-1511 aligncenter\" src=\"https:\/\/www.wiko-metallbautechnik.de\/wordpress\/wp-content\/uploads\/2017\/11\/029_Lichtband_E-01.jpg\" alt=\"\" width=\"200\" height=\"200\" srcset=\"https:\/\/www.wiko-metallbautechnik.de\/wordpress\/wp-content\/uploads\/2017\/11\/029_Lichtband_E-01.jpg 425w, https:\/\/www.wiko-metallbautechnik.de\/wordpress\/wp-content\/uploads\/2017\/11\/029_Lichtband_E-01-150x150.jpg 150w, https:\/\/www.wiko-metallbautechnik.de\/wordpress\/wp-content\/uploads\/2017\/11\/029_Lichtband_E-01-300x300.jpg 300w\" sizes=\"(max-width: 200px) 100vw, 200px\" \/>FWS 60 CV Lochfenster<\/span><\/td>\n<\/tr>\n<\/tbody>\n<\/table>\n","protected":false},"excerpt":{"rendered":"<p>wachsende Bedeutung innovativer Systeme Die selbsttragende, zweischalige und w\u00e4rmed\u00e4mmende Pfosten-Riegel-Konstruktion entwickelt sich immer mehr zum Feld f\u00fcr Innovationen. Die klassische Aluminium-Glas-Fassade erf\u00fcllt neue, erweiterte Funktionen. Brandschutz-Fassaden aus Aluminium Structural Glazing in Varianten erh\u00f6hter W\u00e4rmeschutz mehrschalige Fassadenkonstruktionen &nbsp;FWS 35 PD.SI &nbsp;FWS 60 CV Bauk\u00f6rperanschluss FWS 60 CV Lochfenster<\/p>\n","protected":false},"author":1,"featured_media":0,"parent":0,"menu_order":4,"comment_status":"closed","ping_status":"closed","template":"template-full-width.php","meta":{"ngg_post_thumbnail":0},"_links":{"self":[{"href":"https:\/\/www.wiko-metallbautechnik.de\/wordpress\/wp-json\/wp\/v2\/pages\/18"}],"collection":[{"href":"https:\/\/www.wiko-metallbautechnik.de\/wordpress\/wp-json\/wp\/v2\/pages"}],"about":[{"href":"https:\/\/www.wiko-metallbautechnik.de\/wordpress\/wp-json\/wp\/v2\/types\/page"}],"author":[{"embeddable":true,"href":"https:\/\/www.wiko-metallbautechnik.de\/wordpress\/wp-json\/wp\/v2\/users\/1"}],"replies":[{"embeddable":true,"href":"https:\/\/www.wiko-metallbautechnik.de\/wordpress\/wp-json\/wp\/v2\/comments?post=18"}],"version-history":[{"count":24,"href":"https:\/\/www.wiko-metallbautechnik.de\/wordpress\/wp-json\/wp\/v2\/pages\/18\/revisions"}],"predecessor-version":[{"id":1829,"href":"https:\/\/www.wiko-metallbautechnik.de\/wordpress\/wp-json\/wp\/v2\/pages\/18\/revisions\/1829"}],"wp:attachment":[{"href":"https:\/\/www.wiko-metallbautechnik.de\/wordpress\/wp-json\/wp\/v2\/media?parent=18"}],"curies":[{"name":"wp","href":"https:\/\/api.w.org\/{rel}","templated":true}]}}