{"id":1240,"date":"2017-08-11T15:53:47","date_gmt":"2017-08-11T13:53:47","guid":{"rendered":"http:\/\/www.wiko-metallbautechnik.de\/wordpress\/?page_id=1240"},"modified":"2024-02-12T12:58:52","modified_gmt":"2024-02-12T10:58:52","slug":"home","status":"publish","type":"page","link":"https:\/\/www.wiko-metallbautechnik.de\/wordpress\/","title":{"rendered":"wiko-Metallbautechnik"},"content":{"rendered":"<h2><strong>Liebe Kunden,<\/strong><br><strong> liebe Gesch\u00e4ftspartner,<\/strong><\/h2>\n<p><img decoding=\"async\" loading=\"lazy\" class=\"alignright wp-image-1226\" style=\"width: 246px;\" src=\"https:\/\/www.wiko-metallbautechnik.de\/wordpress\/wp-content\/uploads\/2017\/01\/wiko_geb\u00e4ude-300x253.jpg\" alt=\"\" width=\"300\" height=\"208\"><\/p>\n<p style=\"text-align: justify;\">wir, das inhabergef\u00fchrte Unternehmen wiko-Metallbautechnik GmbH &amp; Co. KG, haben uns seit der Gr\u00fcndung vor rund 65 Jahren als innovativer Partner f\u00fcr energieeffizientes Bauen aus Aluminium und Glas etabliert.<\/p>\n<p style=\"text-align: justify;\">Wir garantieren effiziente Prozesse, \u00fcberzeugende Produktqualit\u00e4t und einen \u00e4u\u00dferst flexiblen Kundenservice. Unsere Fassaden \u00fcberzeugen mit einem individuellen Gesicht, denn wir haben f\u00fcr jede Aufgabe die passende L\u00f6sung.<\/p>\n<h3>&nbsp;<\/h3>\n<h3><span style=\"font-size: 12pt;\">Entdecken auch Sie die Vielfalt<\/span><span style=\"font-size: 12pt;\"> unsere<\/span><span style=\"font-size: 12pt;\">r<\/span><span style=\"font-size: 12pt;\"> M\u00f6glichkeiten in den Produktbereichen &#8230;&nbsp;<br><\/span><\/h3>\n<table style=\"border-color: #ffffff; width: 100%;\" border=\"0\">\n<tbody>\n<tr>\n<td style=\"border-color: #ffffff; width: 40%; text-align: left; vertical-align: top;\"><img decoding=\"async\" loading=\"lazy\" class=\"wp-image-1808 size-full alignleft\" src=\"https:\/\/www.wiko-metallbautechnik.de\/wordpress\/wp-content\/uploads\/2017\/08\/schueco-partner-logo-s.jpg\" alt=\"\" width=\"244\" height=\"80\"><\/td>\n<td style=\"border-color: #ffffff; width: 60%; text-align: left; vertical-align: bottom;\">\n<ul>\n<li><span style=\"font-size: 12pt;\"><a href=\"https:\/\/www.wiko-metallbautechnik.de\/wordpress\/fensterundtueren\/\">Fenster und T\u00fcren<\/a><\/span><\/li>\n<li><span style=\"font-size: 12pt;\"><a href=\"https:\/\/www.wiko-metallbautechnik.de\/wordpress\/fassaden\/\">Fassaden und Lichtd\u00e4cher<\/a><\/span><\/li>\n<li><span style=\"font-size: 10pt;\"><a href=\"https:\/\/www.wiko-metallbautechnik.de\/wordpress\/brand-rauchschutz\/\"><span style=\"font-size: 12pt;\">Sicherheitssysteme<\/span><\/a><\/span><\/li>\n<\/ul>\n<\/td>\n<\/tr>\n<\/tbody>\n<\/table>\n<p style=\"text-align: justify;\">Wir agieren aus dem Herzen von Nordrhein-Westfalen und liefern und montieren bundesweit und im europ\u00e4ischen Ausland. In einer Branche zu bestehen, in der es jeden Tag aufs Neue immer wieder \u00e4u\u00dferst komplexe Aufgaben zu bew\u00e4ltigen gilt, gelingt nur, wenn alle Leistungen unter einem Dach geb\u00fcndelt sind und von der Planung, Vorfertigung, Lieferung und Montage alles aus einer Hand erfolgt. Wir sind Ihr Partner f\u00fcr alle kleineren, mittleren und gro\u00dfen Projekte.<br>Sprechen Sie uns an!<\/p>\n<p><a href=\".\/wp-content\/uploads\/2017\/01\/Brosch\u00fcre-wiko_Metallbautechnik_GmbH_u_Co_KG.pdf\" target=\"_blank\" rel=\"noopener\"><img decoding=\"async\" loading=\"lazy\" class=\"alignleft wp-image-1373 size-full\" src=\"https:\/\/www.wiko-metallbautechnik.de\/wordpress\/wp-content\/uploads\/2017\/11\/download-symbol-e1509741679386.png\" alt=\"\" width=\"20\" height=\"20\"><\/a><br><strong><a href=\"https:\/\/www.wiko-metallbautechnik.de\/wordpress\/wp-content\/uploads\/2024\/02\/wiko_Metallbautechnik_GmbH_u_Co_KG-Broschuere-web.pdf\" target=\"_blank\" rel=\"noopener\">wiko-Brosch\u00fcre (PDF &#8211; 4,8 MB)<\/a> <\/strong><\/p>\n<h4>Wir haben f\u00fcr jede Aufgabe die passende L\u00f6sung, entdecken Sie die Vielfalt unserer M\u00f6glichkeiten.&nbsp;<\/h4>\n\n","protected":false},"excerpt":{"rendered":"<p>Liebe Kunden, liebe Gesch\u00e4ftspartner, wir, das inhabergef\u00fchrte Unternehmen wiko-Metallbautechnik GmbH &amp; Co. KG, haben uns seit der Gr\u00fcndung vor rund 65 Jahren als innovativer Partner f\u00fcr energieeffizientes Bauen aus Aluminium und Glas etabliert. Wir garantieren effiziente Prozesse, \u00fcberzeugende Produktqualit\u00e4t und einen \u00e4u\u00dferst flexiblen Kundenservice. Unsere Fassaden \u00fcberzeugen mit einem individuellen Gesicht, denn wir haben f\u00fcr <span class=\"ellipsis\">&hellip;<\/span> <span class=\"more-link-wrap\"><a href=\"https:\/\/www.wiko-metallbautechnik.de\/wordpress\/\" class=\"more-link\"><span>Read More &rarr;<\/span><\/a><\/span><\/p>\n","protected":false},"author":1,"featured_media":0,"parent":0,"menu_order":0,"comment_status":"closed","ping_status":"closed","template":"","meta":{"ngg_post_thumbnail":0},"_links":{"self":[{"href":"https:\/\/www.wiko-metallbautechnik.de\/wordpress\/wp-json\/wp\/v2\/pages\/1240"}],"collection":[{"href":"https:\/\/www.wiko-metallbautechnik.de\/wordpress\/wp-json\/wp\/v2\/pages"}],"about":[{"href":"https:\/\/www.wiko-metallbautechnik.de\/wordpress\/wp-json\/wp\/v2\/types\/page"}],"author":[{"embeddable":true,"href":"https:\/\/www.wiko-metallbautechnik.de\/wordpress\/wp-json\/wp\/v2\/users\/1"}],"replies":[{"embeddable":true,"href":"https:\/\/www.wiko-metallbautechnik.de\/wordpress\/wp-json\/wp\/v2\/comments?post=1240"}],"version-history":[{"count":96,"href":"https:\/\/www.wiko-metallbautechnik.de\/wordpress\/wp-json\/wp\/v2\/pages\/1240\/revisions"}],"predecessor-version":[{"id":2115,"href":"https:\/\/www.wiko-metallbautechnik.de\/wordpress\/wp-json\/wp\/v2\/pages\/1240\/revisions\/2115"}],"wp:attachment":[{"href":"https:\/\/www.wiko-metallbautechnik.de\/wordpress\/wp-json\/wp\/v2\/media?parent=1240"}],"curies":[{"name":"wp","href":"https:\/\/api.w.org\/{rel}","templated":true}]}}