{"id":12,"date":"2014-09-23T02:00:38","date_gmt":"2014-09-23T00:00:38","guid":{"rendered":"http:\/\/www.wiko-metallbautechnik.de\/wordpress\/?page_id=12"},"modified":"2018-04-19T18:48:20","modified_gmt":"2018-04-19T16:48:20","slug":"fensterundtueren","status":"publish","type":"page","link":"https:\/\/www.wiko-metallbautechnik.de\/wordpress\/fensterundtueren\/","title":{"rendered":"FENSTER &amp; T\u00dcREN"},"content":{"rendered":"<h1><strong>Fenster<\/strong><\/h1>\n<h4 style=\"text-align: justify;\">In einem st\u00e4ndigen Qualit\u00e4tsverbesserungsprozess werden die von WIKO gelieferten Fenster zu immer hochwertigeren Bauelementen weiterentwickelt. Im Folgen den m\u00f6chten wir Ihnen einen kurzen technischen \u00dcberblick \u00fcber unsere Produkte liefern:<\/h4>\n<ul>\n<li>\n<h3>Mehrkammer Konstruktionen<\/h3>\n<\/li>\n<li>\n<h3>Verglasungsvielfalt<\/h3>\n<\/li>\n<li>\n<h3>Spezielle Eck- und T-Verbindungen<\/h3>\n<\/li>\n<li>\n<h3>Thermisch getrennte Profile<\/h3>\n<\/li>\n<li>\n<h3>Mitteldichtungsprinzip<\/h3>\n<\/li>\n<\/ul>\n<table class=\" aligncenter\" style=\"border-color: #ffffff; background-color: #ffffff; width: 880px;\">\n<tbody>\n<tr>\n<td style=\"width: 240px; text-align: center; vertical-align: middle;\"><span style=\"font-size: 8pt;\"><img decoding=\"async\" loading=\"lazy\" class=\"aligncenter wp-image-1502\" src=\"https:\/\/www.wiko-metallbautechnik.de\/wordpress\/wp-content\/uploads\/2017\/11\/AWS_75_BS_SI_plus_e.jpg\" alt=\"\" width=\"200\" height=\"200\" srcset=\"https:\/\/www.wiko-metallbautechnik.de\/wordpress\/wp-content\/uploads\/2017\/11\/AWS_75_BS_SI_plus_e.jpg 425w, https:\/\/www.wiko-metallbautechnik.de\/wordpress\/wp-content\/uploads\/2017\/11\/AWS_75_BS_SI_plus_e-150x150.jpg 150w, https:\/\/www.wiko-metallbautechnik.de\/wordpress\/wp-content\/uploads\/2017\/11\/AWS_75_BS_SI_plus_e-300x300.jpg 300w\" sizes=\"(max-width: 200px) 100vw, 200px\" \/> AWS 75 BS SI+<\/span><\/td>\n<td style=\"width: 240px; text-align: center; vertical-align: middle;\"><span style=\"font-size: 8pt;\"><img decoding=\"async\" loading=\"lazy\" class=\"aligncenter wp-image-1510\" src=\"https:\/\/www.wiko-metallbautechnik.de\/wordpress\/wp-content\/uploads\/2017\/11\/ADS_75_SimplySmart_e_eine_Dichtebene.jpg\" alt=\"\" width=\"200\" height=\"200\" srcset=\"https:\/\/www.wiko-metallbautechnik.de\/wordpress\/wp-content\/uploads\/2017\/11\/ADS_75_SimplySmart_e_eine_Dichtebene.jpg 425w, https:\/\/www.wiko-metallbautechnik.de\/wordpress\/wp-content\/uploads\/2017\/11\/ADS_75_SimplySmart_e_eine_Dichtebene-150x150.jpg 150w, https:\/\/www.wiko-metallbautechnik.de\/wordpress\/wp-content\/uploads\/2017\/11\/ADS_75_SimplySmart_e_eine_Dichtebene-300x300.jpg 300w\" sizes=\"(max-width: 200px) 100vw, 200px\" \/> ADS 75 SimplySmart<\/span><\/td>\n<td style=\"width: 400px; text-align: center; vertical-align: middle;\"><span style=\"font-size: 8pt;\"><img decoding=\"async\" loading=\"lazy\" class=\"aligncenter wp-image-1495\" src=\"https:\/\/www.wiko-metallbautechnik.de\/wordpress\/wp-content\/uploads\/2017\/11\/TipTronic_SimplySmart_m_Lueftung_aufgesetzter_Antrieb.jpg\" alt=\"\" width=\"354\" height=\"200\" srcset=\"https:\/\/www.wiko-metallbautechnik.de\/wordpress\/wp-content\/uploads\/2017\/11\/TipTronic_SimplySmart_m_Lueftung_aufgesetzter_Antrieb.jpg 425w, https:\/\/www.wiko-metallbautechnik.de\/wordpress\/wp-content\/uploads\/2017\/11\/TipTronic_SimplySmart_m_Lueftung_aufgesetzter_Antrieb-300x169.jpg 300w\" sizes=\"(max-width: 354px) 100vw, 354px\" \/>TipTronic SimplySmart<br \/>\n<\/span><\/td>\n<\/tr>\n<\/tbody>\n<\/table>\n<hr>\n<h1 style=\"text-align: left;\"><strong><br \/>\nT\u00fcren<\/strong><\/h1>\n<h3><strong>Robust, vielseitig und langlebig.<\/strong><\/h3>\n<h4>Aluminium-Haust\u00fcren sind optimal f\u00fcr die t\u00e4glichen Anforderungen und Belastungen ger\u00fcstet. Selbst bei st\u00e4rkster Beanspruchung sind sie extrem stabil, formbest\u00e4ndig, w\u00e4rmed\u00e4mmend sowie korrosions- und witterungsbest\u00e4ndig.<\/h4>\n<table class=\" aligncenter\" style=\"border-color: #ffffff; background-color: #ffffff; width: 880px;\">\n<tbody>\n<tr>\n<td style=\"width: 240px; text-align: center; vertical-align: middle;\"><span style=\"font-size: 8pt;\"><img decoding=\"async\" loading=\"lazy\" class=\"aligncenter wp-image-1509\" src=\"https:\/\/www.wiko-metallbautechnik.de\/wordpress\/wp-content\/uploads\/2017\/11\/DCS_Touch_Display_d_Klingel_02-01.jpg\" alt=\"\" width=\"200\" height=\"200\" srcset=\"https:\/\/www.wiko-metallbautechnik.de\/wordpress\/wp-content\/uploads\/2017\/11\/DCS_Touch_Display_d_Klingel_02-01.jpg 425w, https:\/\/www.wiko-metallbautechnik.de\/wordpress\/wp-content\/uploads\/2017\/11\/DCS_Touch_Display_d_Klingel_02-01-150x150.jpg 150w, https:\/\/www.wiko-metallbautechnik.de\/wordpress\/wp-content\/uploads\/2017\/11\/DCS_Touch_Display_d_Klingel_02-01-300x300.jpg 300w\" sizes=\"(max-width: 200px) 100vw, 200px\" \/>DCS Touch Display<br \/>\n<\/span><\/td>\n<td style=\"width: 240px; text-align: center; vertical-align: middle;\"><span style=\"font-size: 8pt;\"><img decoding=\"async\" loading=\"lazy\" class=\"aligncenter wp-image-1487\" src=\"https:\/\/www.wiko-metallbautechnik.de\/wordpress\/wp-content\/uploads\/2017\/11\/ADS_Drehnutenstein_d.jpg\" alt=\"\" width=\"200\" height=\"200\" srcset=\"https:\/\/www.wiko-metallbautechnik.de\/wordpress\/wp-content\/uploads\/2017\/11\/ADS_Drehnutenstein_d.jpg 425w, https:\/\/www.wiko-metallbautechnik.de\/wordpress\/wp-content\/uploads\/2017\/11\/ADS_Drehnutenstein_d-150x150.jpg 150w, https:\/\/www.wiko-metallbautechnik.de\/wordpress\/wp-content\/uploads\/2017\/11\/ADS_Drehnutenstein_d-300x300.jpg 300w\" sizes=\"(max-width: 200px) 100vw, 200px\" \/> ADS 75 Verschraubung<\/span><\/td>\n<td style=\"width: 400px; text-align: center; vertical-align: middle;\"><span style=\"font-size: 8pt;\"><img decoding=\"async\" loading=\"lazy\" class=\"aligncenter wp-image-1508\" src=\"https:\/\/www.wiko-metallbautechnik.de\/wordpress\/wp-content\/uploads\/2017\/11\/DCS_Hauseingang_innen_B2C_2014_tag.jpg\" alt=\"\" width=\"300\" height=\"200\" srcset=\"https:\/\/www.wiko-metallbautechnik.de\/wordpress\/wp-content\/uploads\/2017\/11\/DCS_Hauseingang_innen_B2C_2014_tag.jpg 425w, https:\/\/www.wiko-metallbautechnik.de\/wordpress\/wp-content\/uploads\/2017\/11\/DCS_Hauseingang_innen_B2C_2014_tag-300x200.jpg 300w\" sizes=\"(max-width: 300px) 100vw, 300px\" \/><\/span><span style=\"font-size: 8pt;\">DCS Hauseingang<br \/>\n<\/span><\/td>\n<\/tr>\n<\/tbody>\n<\/table>\n<hr>\n<h1 style=\"text-align: left;\"><strong><br \/>\nSchiebesysteme <\/strong><\/h1>\n<h3><strong>neues Design und Bedienkomfort mit Sch\u00fcco ASE 60 und ASE 80 HI<\/strong><\/h3>\n<h4>Die neuen Schiebesysteme der Sch\u00fcco-Serie &#8222;ASE 60 und ASE 80.HI&#8220;&nbsp;bieten&nbsp;noch mehr individuelle Gestaltungsm\u00f6glichkeiten sowie mehr&nbsp;Nutzerkomfort durch&nbsp;niveaugleichen Schwellen,&nbsp;SmartClose Module,&nbsp;niveaugleichen Schwelle oder schmale Ansichtsbreiten.<\/h4>\n<table class=\" aligncenter\" style=\"border-color: #ffffff; background-color: #ffffff; width: 880px;\">\n<tbody>\n<tr>\n<td style=\"width: 332.953125px; text-align: center; vertical-align: middle;\"><span style=\"font-size: 8pt;\"><img decoding=\"async\" loading=\"lazy\" class=\"aligncenter wp-image-1928 \" src=\"https:\/\/www.wiko-metallbautechnik.de\/wordpress\/wp-content\/uploads\/2018\/04\/ASE_60_m_Wohnhochhaus_Innen.jpg\" alt=\"\" width=\"265\" height=\"199\" srcset=\"https:\/\/www.wiko-metallbautechnik.de\/wordpress\/wp-content\/uploads\/2018\/04\/ASE_60_m_Wohnhochhaus_Innen.jpg 425w, https:\/\/www.wiko-metallbautechnik.de\/wordpress\/wp-content\/uploads\/2018\/04\/ASE_60_m_Wohnhochhaus_Innen-300x225.jpg 300w\" sizes=\"(max-width: 265px) 100vw, 265px\" \/>ASE 80 Apartmenthaus<br \/>\n<\/span><\/td>\n<td style=\"width: 266.046875px; text-align: center; vertical-align: middle;\"><span style=\"font-size: 8pt;\"><img decoding=\"async\" loading=\"lazy\" class=\"aligncenter wp-image-1925 \" src=\"https:\/\/www.wiko-metallbautechnik.de\/wordpress\/wp-content\/uploads\/2018\/04\/ASE_80_HI_e.jpg\" alt=\"\" width=\"200\" height=\"200\" srcset=\"https:\/\/www.wiko-metallbautechnik.de\/wordpress\/wp-content\/uploads\/2018\/04\/ASE_80_HI_e.jpg 425w, https:\/\/www.wiko-metallbautechnik.de\/wordpress\/wp-content\/uploads\/2018\/04\/ASE_80_HI_e-150x150.jpg 150w, https:\/\/www.wiko-metallbautechnik.de\/wordpress\/wp-content\/uploads\/2018\/04\/ASE_80_HI_e-300x300.jpg 300w\" sizes=\"(max-width: 200px) 100vw, 200px\" \/> ASE 60 \/ 80 HI<\/span><\/td>\n<td style=\"width: 274px; text-align: center; vertical-align: middle;\"><span style=\"font-size: 8pt;\"><img decoding=\"async\" loading=\"lazy\" class=\"aligncenter wp-image-1927 \" src=\"https:\/\/www.wiko-metallbautechnik.de\/wordpress\/wp-content\/uploads\/2018\/04\/ASS_d_Gewichtskraft_Laufwagen.jpg\" alt=\"\" width=\"200\" height=\"200\" srcset=\"https:\/\/www.wiko-metallbautechnik.de\/wordpress\/wp-content\/uploads\/2018\/04\/ASS_d_Gewichtskraft_Laufwagen.jpg 425w, https:\/\/www.wiko-metallbautechnik.de\/wordpress\/wp-content\/uploads\/2018\/04\/ASS_d_Gewichtskraft_Laufwagen-150x150.jpg 150w, https:\/\/www.wiko-metallbautechnik.de\/wordpress\/wp-content\/uploads\/2018\/04\/ASS_d_Gewichtskraft_Laufwagen-300x300.jpg 300w\" sizes=\"(max-width: 200px) 100vw, 200px\" \/><\/span><span style=\"font-size: 8pt;\">ASE Gewichtskraft-Laufwagen<br \/>\n<\/span><\/td>\n<\/tr>\n<\/tbody>\n<\/table>\n","protected":false},"excerpt":{"rendered":"<p>Fenster In einem st\u00e4ndigen Qualit\u00e4tsverbesserungsprozess werden die von WIKO gelieferten Fenster zu immer hochwertigeren Bauelementen weiterentwickelt. Im Folgen den m\u00f6chten wir Ihnen einen kurzen technischen \u00dcberblick \u00fcber unsere Produkte liefern: Mehrkammer Konstruktionen Verglasungsvielfalt Spezielle Eck- und T-Verbindungen Thermisch getrennte Profile Mitteldichtungsprinzip AWS 75 BS SI+ ADS 75 SimplySmart TipTronic SimplySmart T\u00fcren Robust, vielseitig und langlebig. <span class=\"ellipsis\">&hellip;<\/span> <span class=\"more-link-wrap\"><a href=\"https:\/\/www.wiko-metallbautechnik.de\/wordpress\/fensterundtueren\/\" class=\"more-link\"><span>Read More &rarr;<\/span><\/a><\/span><\/p>\n","protected":false},"author":1,"featured_media":0,"parent":0,"menu_order":2,"comment_status":"closed","ping_status":"closed","template":"template-full-width.php","meta":{"ngg_post_thumbnail":0},"_links":{"self":[{"href":"https:\/\/www.wiko-metallbautechnik.de\/wordpress\/wp-json\/wp\/v2\/pages\/12"}],"collection":[{"href":"https:\/\/www.wiko-metallbautechnik.de\/wordpress\/wp-json\/wp\/v2\/pages"}],"about":[{"href":"https:\/\/www.wiko-metallbautechnik.de\/wordpress\/wp-json\/wp\/v2\/types\/page"}],"author":[{"embeddable":true,"href":"https:\/\/www.wiko-metallbautechnik.de\/wordpress\/wp-json\/wp\/v2\/users\/1"}],"replies":[{"embeddable":true,"href":"https:\/\/www.wiko-metallbautechnik.de\/wordpress\/wp-json\/wp\/v2\/comments?post=12"}],"version-history":[{"count":112,"href":"https:\/\/www.wiko-metallbautechnik.de\/wordpress\/wp-json\/wp\/v2\/pages\/12\/revisions"}],"predecessor-version":[{"id":1936,"href":"https:\/\/www.wiko-metallbautechnik.de\/wordpress\/wp-json\/wp\/v2\/pages\/12\/revisions\/1936"}],"wp:attachment":[{"href":"https:\/\/www.wiko-metallbautechnik.de\/wordpress\/wp-json\/wp\/v2\/media?parent=12"}],"curies":[{"name":"wp","href":"https:\/\/api.w.org\/{rel}","templated":true}]}}