{"id":110,"date":"2014-09-23T14:20:36","date_gmt":"2014-09-23T12:20:36","guid":{"rendered":"http:\/\/www.wiko-metallbautechnik.de\/wordpress\/?page_id=110"},"modified":"2018-01-09T09:31:23","modified_gmt":"2018-01-09T07:31:23","slug":"wiko-service-gmbh","status":"publish","type":"page","link":"https:\/\/www.wiko-metallbautechnik.de\/wordpress\/wiko-service-gmbh\/","title":{"rendered":"WIKO Service GmbH"},"content":{"rendered":"<h2 style=\"text-align: justify;\"><strong><span style=\"color: #326780;\">Auch f\u00fcr Wartungsarbeiten&nbsp;steht Ihnen der Kundendienst&nbsp;<br \/>\n<\/span><span style=\"color: #326780;\">der WIKO Service GmbH zur Verf\u00fcgung.<\/span><\/strong><\/h2>\n<div style=\"float: right;\">\n<p><img decoding=\"async\" loading=\"lazy\" class=\"wp-image-1049 alignleft\" src=\"https:\/\/www.wiko-metallbautechnik.de\/wordpress\/wp-content\/uploads\/2015\/09\/logo-wiko-service-300x158.jpg\" alt=\"logo-wiko-service\" width=\"161\" height=\"85\" srcset=\"https:\/\/www.wiko-metallbautechnik.de\/wordpress\/wp-content\/uploads\/2015\/09\/logo-wiko-service-300x158.jpg 300w, https:\/\/www.wiko-metallbautechnik.de\/wordpress\/wp-content\/uploads\/2015\/09\/logo-wiko-service.jpg 625w\" sizes=\"(max-width: 161px) 100vw, 161px\" \/><\/p>\n<h4>Die WIKO Service GmbH ist aus&nbsp;dem&nbsp;Anspruch entstanden, rund um die Uhr f\u00fcr unsere Kunden&nbsp;zur Verf\u00fcgung zu&nbsp;stehen. Es kann jederzeit durch Sturm oder \u00e4hnliche Umwelteinfl\u00fcsse zu Sach-Sch\u00e4den kommen. Um&nbsp;Sie nicht mit Ihren Problemen alleine zu lassen, haben wir f\u00fcr Sie unseren Notdienst eingerichtet,&nbsp;der die meisten Sch\u00e4den innerhalb k\u00fcrzester Zeit beheben kann.<\/h4>\n<\/div>\n<div style=\"clear: both;\">&nbsp;<\/div>\n<hr>\n<h2><span style=\"color: #326780;\">Wir \u00fcbernehmen:<\/span><\/h2>\n<h3 style=\"padding-left: 30px;\"><strong>Reparaturen \u2013 rund um Fenster, T\u00fcren und Fassaden<\/strong><\/h3>\n<ul>\n<li>Ihr Fenster l\u00e4sst sich nicht mehr \u00f6ffnen oder schlie\u00dfen?<\/li>\n<li>Die T\u00fcr l\u00e4sst sich nicht schlie\u00dfen oder das Schloss ist defekt?<\/li>\n<li>Wir k\u00fcmmern uns schnellstens um die Reparatur<\/li>\n<\/ul>\n<h3 style=\"padding-left: 30px;\"><strong>Service<\/strong><\/h3>\n<ul>\n<li>Neue Fenster \u2013 neue Haust\u00fcr oder lieber doch einen Wintergarten?<\/li>\n<li>Beratung bei jeglichem Zubeh\u00f6r wie Rolll\u00e4den, Jalousien, Klappl\u00e4den<br \/>\noder spezieller Sicherheitstechnik.<\/li>\n<\/ul>\n<h3 style=\"padding-left: 30px;\"><strong>Wartung<\/strong><\/h3>\n<ul>\n<li>Nicht nur Autos m\u00fcssen zur Inspektion, sondern Fenster und T\u00fcren ben\u00f6tigen<br \/>\nauch ein klein wenig Pflege und Wartung! Sprechen Sie uns an, wir beraten Sie gern!<\/li>\n<\/ul>\n<p>&nbsp;<\/p>\n<h5 style=\"text-align: center;\"><em>Brauchen Sie hier Informationen oder eine Beratung?<\/em><br \/>\n<em> Wir erstellen Ihnen gern ein Angebot oder helfen Ihnen weiter!<\/em><\/h5>\n<hr>\n<div>&nbsp;<\/div>\n<div style=\"float: left;\">\n<h1><span style=\"color: #326780;\">Notdienst \u2013 rund um die Uhr!<\/span><\/h1>\n<ul>\n<li>Tel. 05741 301277<\/li>\n<li>Fax. 05741 301278<\/li>\n<li>Mobil 01761 3328840<\/li>\n<\/ul>\n<\/div>\n<div style=\"float: left;\"><img decoding=\"async\" loading=\"lazy\" class=\"wp-image-1200 alignleft\" src=\"https:\/\/www.wiko-metallbautechnik.de\/wordpress\/wp-content\/uploads\/2015\/09\/wiko-service-transporter.jpg\" alt=\"wiko-service-transporter\" width=\"398\" height=\"199\" srcset=\"https:\/\/www.wiko-metallbautechnik.de\/wordpress\/wp-content\/uploads\/2015\/09\/wiko-service-transporter.jpg 840w, https:\/\/www.wiko-metallbautechnik.de\/wordpress\/wp-content\/uploads\/2015\/09\/wiko-service-transporter-300x150.jpg 300w\" sizes=\"(max-width: 398px) 100vw, 398px\" \/><\/div>\n<div style=\"clear: both;\">&nbsp;<\/div>\n","protected":false},"excerpt":{"rendered":"<p>Auch f\u00fcr Wartungsarbeiten&nbsp;steht Ihnen der Kundendienst&nbsp; der WIKO Service GmbH zur Verf\u00fcgung. Die WIKO Service GmbH ist aus&nbsp;dem&nbsp;Anspruch entstanden, rund um die Uhr f\u00fcr unsere Kunden&nbsp;zur Verf\u00fcgung zu&nbsp;stehen. Es kann jederzeit durch Sturm oder \u00e4hnliche Umwelteinfl\u00fcsse zu Sach-Sch\u00e4den kommen. Um&nbsp;Sie nicht mit Ihren Problemen alleine zu lassen, haben wir f\u00fcr Sie unseren Notdienst eingerichtet,&nbsp;der die <span class=\"ellipsis\">&hellip;<\/span> <span class=\"more-link-wrap\"><a href=\"https:\/\/www.wiko-metallbautechnik.de\/wordpress\/wiko-service-gmbh\/\" class=\"more-link\"><span>Read More &rarr;<\/span><\/a><\/span><\/p>\n","protected":false},"author":1,"featured_media":0,"parent":0,"menu_order":10,"comment_status":"closed","ping_status":"closed","template":"template-full-width.php","meta":{"ngg_post_thumbnail":0},"_links":{"self":[{"href":"https:\/\/www.wiko-metallbautechnik.de\/wordpress\/wp-json\/wp\/v2\/pages\/110"}],"collection":[{"href":"https:\/\/www.wiko-metallbautechnik.de\/wordpress\/wp-json\/wp\/v2\/pages"}],"about":[{"href":"https:\/\/www.wiko-metallbautechnik.de\/wordpress\/wp-json\/wp\/v2\/types\/page"}],"author":[{"embeddable":true,"href":"https:\/\/www.wiko-metallbautechnik.de\/wordpress\/wp-json\/wp\/v2\/users\/1"}],"replies":[{"embeddable":true,"href":"https:\/\/www.wiko-metallbautechnik.de\/wordpress\/wp-json\/wp\/v2\/comments?post=110"}],"version-history":[{"count":93,"href":"https:\/\/www.wiko-metallbautechnik.de\/wordpress\/wp-json\/wp\/v2\/pages\/110\/revisions"}],"predecessor-version":[{"id":1824,"href":"https:\/\/www.wiko-metallbautechnik.de\/wordpress\/wp-json\/wp\/v2\/pages\/110\/revisions\/1824"}],"wp:attachment":[{"href":"https:\/\/www.wiko-metallbautechnik.de\/wordpress\/wp-json\/wp\/v2\/media?parent=110"}],"curies":[{"name":"wp","href":"https:\/\/api.w.org\/{rel}","templated":true}]}}